{"id":10072,"date":"2025-06-26T15:02:02","date_gmt":"2025-06-26T13:02:02","guid":{"rendered":"https:\/\/homepage-v2\/global-value-dossiers-gvd\/"},"modified":"2025-07-21T09:08:51","modified_gmt":"2025-07-21T07:08:51","slug":"global-value-dossiers-gvd","status":"publish","type":"page","link":"https:\/\/www.ams-europe.com\/de\/global-value-dossiers-gvd\/","title":{"rendered":"Global Value Dossiers (GVD)"},"content":{"rendered":"<p>[et_pb_section fb_built=&#8220;1&#8243; admin_label=&#8220;Content&#8220; _builder_version=&#8220;4.27.4&#8243; _module_preset=&#8220;7d31e60b-f644-420b-b1dd-78ae9ab80a75&#8243; da_disable_devices=&#8220;off|off|off&#8220; locked=&#8220;off&#8220; global_colors_info=&#8220;{}&#8220; da_is_popup=&#8220;off&#8220; da_exit_intent=&#8220;off&#8220; da_has_close=&#8220;on&#8220; da_alt_close=&#8220;off&#8220; da_dark_close=&#8220;off&#8220; da_not_modal=&#8220;on&#8220; da_is_singular=&#8220;off&#8220; da_with_loader=&#8220;off&#8220; da_has_shadow=&#8220;on&#8220;][et_pb_row column_structure=&#8220;2_3,1_3&#8243; _builder_version=&#8220;4.16&#8243; global_colors_info=&#8220;{}&#8220;][et_pb_column type=&#8220;2_3&#8243; _builder_version=&#8220;4.16&#8243; custom_padding=&#8220;|||&#8220; global_colors_info=&#8220;{}&#8220; custom_padding__hover=&#8220;|||&#8220;][et_pb_text _builder_version=&#8220;4.27.4&#8243; _module_preset=&#8220;d5651242-e781-4e1c-b900-5b8fc65a80bf&#8220; text_line_height=&#8220;2em&#8220; header_2_font=&#8220;Rubik|500||on|||||&#8220; header_2_text_color=&#8220;#ff8f00&#8243; header_2_font_size=&#8220;14px&#8220; header_2_letter_spacing=&#8220;1px&#8220; header_2_line_height=&#8220;1.5em&#8220; header_3_font=&#8220;Rubik|500|||||||&#8220; header_3_font_size=&#8220;38px&#8220; header_3_line_height=&#8220;1.4em&#8220; header_2_font_size_tablet=&#8220;42px&#8220; header_2_font_size_phone=&#8220;32px&#8220; header_2_font_size_last_edited=&#8220;off|desktop&#8220; header_3_font_size_tablet=&#8220;28px&#8220; header_3_font_size_phone=&#8220;20px&#8220; locked=&#8220;off&#8220; global_colors_info=&#8220;{}&#8220;]<\/p>\n<h4><\/h4>\n<h1>Global Value Dossiers (GVD)<\/h1>\n<p>Als strategische Referenz vereint das Global Value Dossier (GVD) klinische, \u00f6konomische und nutzenbasierte Evidenz, um HTA-Einreichungen, Marktzugang und Preisentscheidungen weltweit zu unterst\u00fctzen. <strong>Wir kennen die vielf\u00e4ltigen Herausforderungen, die bei der fr\u00fchzeitigen Abstimmung regulatorischer Anforderungen, marktbezogener Bed\u00fcrfnisse und interner Ziele auftreten k\u00f6nnen.<\/strong> Unsere Erfahrung in der klinischen Entwicklung, mit deutschen und europ\u00e4ischen HTA-Einreichungen sowie mit \u00f6konomischen Value Messages zu Preisverhandlungszwecken zeigt: Erfolgreiche Dossiers erfordern eine enge, funktions\u00fcbergreifende Zusammenarbeit und Konsistenz \u00fcber alle relevanten Dokumente und Kommunikationskan\u00e4le hinweg.<\/p>\n<p><strong> Mit der Erstellung eines GVD unterst\u00fctzen wir Sie dabei, interne Teams wie z.B. Medical Affairs, Market Access, HEOR und Commercial, zusammenzubringen und hinsichtlich des Produktnutzens auf eine gemeinsame Linie auszurichten.<\/strong> Es bildet die Grundlage f\u00fcr nationale Dossiers, HTA-Interaktionen und Erstattungsentscheidungen in unterschiedlichen Gesundheitssystemen. Mit hochwertiger Evidenz und abgestimmten Kernbotschaften reduziert das GVD Doppelarbeit und sorgt daf\u00fcr, dass lokale Anpassungen auf einem starken globalen Fundament aufbauen.<\/p>\n<p><strong>Bereit, Ihre Value Story zu st\u00e4rken? Kontaktieren Sie uns f\u00fcr ein ma\u00dfgeschneidertes GVD-Konzept oder eine strategische Umsetzung auf Portfolio-Ebene.<\/strong><\/p>\n<p>[\/et_pb_text][dipi_balloon selector=&#8220;.ams-serviceexpert-panel&#8220; ballon_placement=&#8220;left&#8220; ballon_animation=&#8220;fadeInLeft&#8220; balloon_image_width=&#8220;200px&#8220; balloon_title=&#8220;Dr. Jana Maurer&#8220; balloon_description=&#8220;<\/p>\n<p class=%22%22><em>Deputy Director Medical Science<\/em><\/p>\n<p>Jana begann ihre Karriere mit einer Promotion (Dr. rer. nat.) in der Grundlagenforschung zu chronisch entz\u00fcndlichen Darmerkrankungen an der Technischen Universit\u00e4t M\u00fcnchen. Seit 2014 ist sie bei <strong><em>AMS<\/em><\/strong> Expertin im Bereich Medical Writing und strategische Beratung mit einem besonderen Fokus auf HTA (EU HTA &#038; AMNOG). Sie ber\u00e4t Unternehmen strategisch bei der Entwicklung einer produktspezifischen Market Access Strategie und im Rahmen der Erstellung von HTA-Dossiers f\u00fcr Arzneimittel und Medizinprodukte. Mit ihren Schreib- und Pr\u00e4sentationsf\u00e4higkeiten tr\u00e4gt sie als Senior Medical Writer dazu bei, wissenschaftliche Inhalte klar und nachvollziehbar darzustellen \u2013 von der Erstellung von HTA-Dossiers \u00fcber peer-reviewed Publikationen bis hin zu m\u00fcndlichen und Posterpr\u00e4sentationen. Bereits seit \u00fcber 20 Jahren f\u00fchrt sie erfolgreich interdisziplin\u00e4re Teams, darunter das Medical Writing-Team und das EU HTA-Team von <strong><em>AMS<\/em><\/strong>. Zwischen 2015 und 2017 leitete sie au\u00dferdem das Gesch\u00e4ftsfeld Market Access f\u00fcr Medizinprodukte, welches sich auf die Erstattung von Medizinprodukten in Deutschland konzentrierte. Seit 2022 verantwortet sie als Deputy Director der Abteilung Medical Science die Bereiche Gesch\u00e4ftsentwicklung und Kundenbeziehungen mit.<\/p>\n<p>&#8220; width=&#8220;700px&#8220; module_class=&#8220;ams-serviceexpert-ballon &#8220; _builder_version=&#8220;4.27.4&#8243; _module_preset=&#8220;default&#8220; balloon_title_text_color=&#8220;gcid-1543c0c0-fc66-45fc-859c-18eb6cdbc07b&#8220; balloon_description_text_color=&#8220;gcid-1543c0c0-fc66-45fc-859c-18eb6cdbc07b&#8220; use_background_color_gradient=&#8220;on&#8220; background_color_gradient_direction=&#8220;90deg&#8220; background_color_gradient_stops=&#8220;#3c82a8 0%|#004e75 100%&#8220; custom_padding=&#8220;3em||3em||false|false&#8220; custom_css_free_form=&#8220;.ams-serviceexpert-ballon .dipi-balloon-wrap {||  height: 440px;||}&#8220; border_radii=&#8220;on|1em|1em|1em|1em&#8220; border_radii_balloon_img=&#8220;on|1em|1em|1em|1em&#8220; border_color_all_balloon_img=&#8220;RGBA(255,255,255,0)&#8220; locked=&#8220;off&#8220; global_colors_info=&#8220;{%22gcid-1543c0c0-fc66-45fc-859c-18eb6cdbc07b%22:%91%22balloon_title_text_color%22,%22balloon_description_text_color%22%93}&#8220;][\/dipi_balloon][\/et_pb_column][et_pb_column type=&#8220;1_3&#8243; module_class=&#8220;ams-serviceexpert-panel&#8220; _builder_version=&#8220;4.16&#8243; background_color=&#8220;#004E75&#8243; use_background_color_gradient=&#8220;on&#8220; background_color_gradient_direction=&#8220;270deg&#8220; background_color_gradient_stops=&#8220;gcid-80d13553-8301-4214-b254-781099ffdfd3 0%|#004e75 98%&#8220; background_enable_image=&#8220;off&#8220; background_position=&#8220;bottom_right&#8220; background_horizontal_offset=&#8220;50%&#8220; background_vertical_offset=&#8220;50%&#8220; custom_padding=&#8220;2em|2em|2em|2em|false|false&#8220; border_radii=&#8220;on|20px|20px|20px|20px&#8220; box_shadow_style=&#8220;preset3&#8243; global_colors_info=&#8220;{%22gcid-80d13553-8301-4214-b254-781099ffdfd3%22:%91%22background_color_gradient_stops%22%93}&#8220; custom_padding__hover=&#8220;|||&#8220;][et_pb_text admin_label=&#8220;Expert &#8211; Text&#8220; _builder_version=&#8220;4.27.4&#8243; _module_preset=&#8220;cd2ad163-c93f-44f6-b7d8-dd85780abf76&#8243; locked=&#8220;off&#8220; global_colors_info=&#8220;{}&#8220;]<\/p>\n<p style=\"text-align: center;\">Unser Ansprechpartnerin<\/p>\n<p>[\/et_pb_text][et_pb_team_member name=&#8220;Dr. Jana Maurer&#8220; position=&#8220;Deputy Director Medical Science&#8220; image_url=&#8220;\/wp-content\/uploads\/2024\/09\/maurer-jana.jpeg&#8220; admin_label=&#8220;Expert &#8211; Pic&#8220; _builder_version=&#8220;4.27.4&#8243; _module_preset=&#8220;35d45859-5b60-4988-b801-bf878a115189&#8243; header_font=&#8220;|600|||||||&#8220; header_text_color=&#8220;gcid-1543c0c0-fc66-45fc-859c-18eb6cdbc07b&#8220; header_font_size=&#8220;23px&#8220; body_text_color=&#8220;#C9EEFB&#8220; position_text_align=&#8220;center&#8220; position_text_color=&#8220;gcid-1543c0c0-fc66-45fc-859c-18eb6cdbc07b&#8220; background_enable_color=&#8220;off&#8220; module_alignment=&#8220;left&#8220; custom_padding=&#8220;1em|1em||1em|false|false&#8220; border_radii_image=&#8220;on|1em|1em|1em|1em&#8220; box_shadow_color_image=&#8220;gcid-b3d81f63-a079-4cba-9baf-5de18b24c75c&#8220; locked=&#8220;off&#8220; global_colors_info=&#8220;{%22gcid-1543c0c0-fc66-45fc-859c-18eb6cdbc07b%22:%91%22header_text_color%22,%22position_text_color%22%93,%22gcid-b3d81f63-a079-4cba-9baf-5de18b24c75c%22:%91%22box_shadow_color_image%22%93}&#8220;][\/et_pb_team_member][et_pb_button button_url=&#8220;mailto:eu-hta-team@ams-europe.com&#8220; button_text=&#8220;Kontakt&#8220; button_alignment=&#8220;center&#8220; admin_label=&#8220;Expert &#8211; Button&#8220; _builder_version=&#8220;4.27.4&#8243; _module_preset=&#8220;0e1d5a6d-a26b-4e21-bc28-4d0ec17e6acc&#8220; locked=&#8220;off&#8220; global_colors_info=&#8220;{}&#8220;][\/et_pb_button][\/et_pb_column][\/et_pb_row][et_pb_row _builder_version=&#8220;4.22.1&#8243; _module_preset=&#8220;default&#8220; global_colors_info=&#8220;{}&#8220;][et_pb_column type=&#8220;4_4&#8243; _builder_version=&#8220;4.22.1&#8243; _module_preset=&#8220;default&#8220; global_colors_info=&#8220;{}&#8220;][et_pb_text _builder_version=&#8220;4.24.0&#8243; _module_preset=&#8220;d5651242-e781-4e1c-b900-5b8fc65a80bf&#8220; text_line_height=&#8220;2em&#8220; custom_margin=&#8220;||-17px|||&#8220; locked=&#8220;off&#8220; global_colors_info=&#8220;{}&#8220;]<\/p>\n<h3>Unsere Leistungen<\/h3>\n<p>[\/et_pb_text][\/et_pb_column][\/et_pb_row][et_pb_row column_structure=&#8220;1_3,1_3,1_3&#8243; _builder_version=&#8220;4.22.1&#8243; _module_preset=&#8220;default&#8220; custom_margin=&#8220;-17px|auto||auto||&#8220; global_colors_info=&#8220;{}&#8220;][et_pb_column type=&#8220;1_3&#8243; _builder_version=&#8220;4.22.1&#8243; _module_preset=&#8220;default&#8220; global_colors_info=&#8220;{}&#8220;][et_pb_blurb title=&#8220;GVD-Konzeption und Inhaltsentwicklung&#8220; use_icon=&#8220;on&#8220; _builder_version=&#8220;4.27.4&#8243; _module_preset=&#8220;cf6960f7-e11a-4680-aed6-a7c5a2cd9390&#8243; global_colors_info=&#8220;{}&#8220;]<\/p>\n<p>Entwicklung des passenden Formats und der Struktur f\u00fcr Ihr GVD sowie Abstimmung der zentralen Value Messages.<\/p>\n<p>[\/et_pb_blurb][et_pb_blurb title=&#8220;GVD-Erstellung&#8220; use_icon=&#8220;on&#8220; _builder_version=&#8220;4.27.4&#8243; _module_preset=&#8220;cf6960f7-e11a-4680-aed6-a7c5a2cd9390&#8243; global_colors_info=&#8220;{%22gcid-251f80c9-1c09-41b2-b627-a432583ed076%22:%91%22background_color_gradient_stops%22,%22background_color_gradient_stops%22%93,%22gcid-80d13553-8301-4214-b254-781099ffdfd3%22:%91%22background_color_gradient_stops%22,%22background_color_gradient_stops%22%93,%22gcid-b3d81f63-a079-4cba-9baf-5de18b24c75c%22:%91%22background_color_gradient_stops%22,%22background_color_gradient_stops%22%93,%22gcid-1c4dbd18-4ae4-4498-8d72-ca1b158a6fa4%22:%91%22background_color_gradient_stops%22,%22background_color_gradient_stops%22%93,%22gcid-cac6beee-0829-4b2e-8ce6-b78f64a8a6f9%22:%91%22background_color%22%93}&#8220;]<\/p>\n<p>Erstellung einer hochwertigen, konsistenten globalen Value Story.<\/p>\n<p>[\/et_pb_blurb][\/et_pb_column][et_pb_column type=&#8220;1_3&#8243; _builder_version=&#8220;4.22.1&#8243; _module_preset=&#8220;default&#8220; global_colors_info=&#8220;{}&#8220;][et_pb_blurb title=&#8220;Systematische\/gezielte Literaturrecherchen (SLR\/TLR)&#8220; use_icon=&#8220;on&#8220; _builder_version=&#8220;4.27.4&#8243; _module_preset=&#8220;cf6960f7-e11a-4680-aed6-a7c5a2cd9390&#8243; global_colors_info=&#8220;{}&#8220;]<\/p>\n<p>Recherchen zu relevanten GVD-Aspekten wie Krankheitslast, Epidemiologie, Behandlungsoptionen, ungedecktem medizinischen Bedarf und gesundheits\u00f6konomischen Modellen liefern fundierte und aktuelle Evidenz.<\/p>\n<p>[\/et_pb_blurb][et_pb_blurb title=&#8220;HTA-Review und Benchmarking&#8220; use_icon=&#8220;on&#8220; _builder_version=&#8220;4.27.4&#8243; _module_preset=&#8220;cf6960f7-e11a-4680-aed6-a7c5a2cd9390&#8243; global_colors_info=&#8220;{%22gcid-cac6beee-0829-4b2e-8ce6-b78f64a8a6f9%22:%91%22background_color%22%93}&#8220;]<\/p>\n<p>Analyse und Zusammenfassung von HTA-Berichten und Erstattungsentscheidungen zur strategischen Ableitung von Positionierung und Messaging.<\/p>\n<p>[\/et_pb_blurb][\/et_pb_column][et_pb_column type=&#8220;1_3&#8243; _builder_version=&#8220;4.22.1&#8243; _module_preset=&#8220;default&#8220; global_colors_info=&#8220;{}&#8220;][et_pb_blurb title=&#8220;Training zur GVD-Nutzung (Roll-out)&#8220; use_icon=&#8220;on&#8220; _builder_version=&#8220;4.27.4&#8243; _module_preset=&#8220;cf6960f7-e11a-4680-aed6-a7c5a2cd9390&#8243; global_colors_info=&#8220;{%22gcid-1543c0c0-fc66-45fc-859c-18eb6cdbc07b%22:%91%22background_color%22%93}&#8220;]<\/p>\n<p>Wir bieten Schulungen an und unterst\u00fctzen Ihre interne Implementierung des GVD.<\/p>\n<p><strong>M\u00f6gliche Module:<\/strong><\/p>\n<ul>\n<li>Einf\u00fchrung &amp; \u00dcberblick zur GVD-Struktur und zu den Inhalten<\/li>\n<li>Zentrale Value Messages pro Abschnitt<\/li>\n<li>Leitlinien zur Anpassung f\u00fcr spezifische M\u00e4rkte<\/li>\n<li>Erweiterung der GVD-Inhalte: Integration mehrerer PICOs, ITC-Machbarkeit \u2013 mit Blick auf das JCA-Dossier<\/li>\n<\/ul>\n<p>[\/et_pb_blurb][\/et_pb_column][\/et_pb_row][et_pb_row _builder_version=&#8220;4.24.0&#8243; _module_preset=&#8220;default&#8220; locked=&#8220;off&#8220; global_colors_info=&#8220;{}&#8220;][et_pb_column type=&#8220;4_4&#8243; _builder_version=&#8220;4.24.0&#8243; _module_preset=&#8220;default&#8220; global_colors_info=&#8220;{}&#8220;][dipi_expanding_cta content_title=&#8220;Kontakt&#8220; content_description=&#8220;<\/p>\n<p><span>Unser Team bei <\/span><em><strong>AMS<\/strong><\/em><span> freut sich auf Ihre Anfrage. Bitte z\u00f6gern Sie nicht, sich mit uns in Verbindung zu setzen.<\/span><\/p>\n<p>&#8220; content_button_text=&#8220;eu-hta-team@ams-europe.com&#8220; content_button_link=&#8220;mailto:eu-hta-team@ams-europe.com&#8220; _builder_version=&#8220;4.27.4&#8243; _module_preset=&#8220;c6887d3d-d46f-4466-8ee5-799370de29be&#8220; locked=&#8220;off&#8220; global_colors_info=&#8220;{%22gcid-e953896c-2ebc-4943-bbfd-26fb1c1260bf%22:%91%22overlay_bg_color_gradient_stops%22%93,%22gcid-80d13553-8301-4214-b254-781099ffdfd3%22:%91%22overlay_bg_color%22%93}&#8220;][\/dipi_expanding_cta][\/et_pb_column][\/et_pb_row][\/et_pb_section][et_pb_section fb_built=&#8220;1&#8243; admin_label=&#8220;References&#8220; module_id=&#8220;Erfolgsgeschichten&#8220; _builder_version=&#8220;4.24.0&#8243; _module_preset=&#8220;b0033daa-587e-4df5-8923-84a88e7f878e&#8220; background_color_gradient_stops=&#8220;gcid-cac6beee-0829-4b2e-8ce6-b78f64a8a6f9 0%|gcid-1543c0c0-fc66-45fc-859c-18eb6cdbc07b 100%&#8220; custom_padding=&#8220;||0vw||false|false&#8220; da_popup_slug=&#8220;successstories&#8220; da_disable_devices=&#8220;off|off|off&#8220; saved_tabs=&#8220;all&#8220; locked=&#8220;off&#8220; global_colors_info=&#8220;{%22gcid-b3d81f63-a079-4cba-9baf-5de18b24c75c%22:%91%22background_color_gradient_stops%22%93,%22gcid-251f80c9-1c09-41b2-b627-a432583ed076%22:%91%22background_color_gradient_stops%22%93,%22gcid-80d13553-8301-4214-b254-781099ffdfd3%22:%91%22background_color_gradient_stops%22%93,%22gcid-1c4dbd18-4ae4-4498-8d72-ca1b158a6fa4%22:%91%22background_color_gradient_stops%22%93,%22gcid-cac6beee-0829-4b2e-8ce6-b78f64a8a6f9%22:%91%22background_color_gradient_stops%22%93,%22gcid-e8cc8422-b2ee-4f8d-8ffd-62678c3e072e%22:%91%22background_color_gradient_stops%22%93,%22gcid-49ae2954-2be5-4dc9-9e28-2cacbe6effc4%22:%91%22background_color_gradient_stops%22%93,%22gcid-1543c0c0-fc66-45fc-859c-18eb6cdbc07b%22:%91%22background_color_gradient_stops%22%93}&#8220; da_is_popup=&#8220;off&#8220; da_exit_intent=&#8220;off&#8220; da_has_close=&#8220;on&#8220; da_alt_close=&#8220;off&#8220; da_dark_close=&#8220;off&#8220; da_not_modal=&#8220;on&#8220; da_is_singular=&#8220;off&#8220; da_with_loader=&#8220;off&#8220; da_has_shadow=&#8220;on&#8220;][et_pb_row _builder_version=&#8220;4.16&#8243; custom_padding=&#8220;40px|||||&#8220; global_colors_info=&#8220;{}&#8220;][et_pb_column type=&#8220;4_4&#8243; _builder_version=&#8220;4.16&#8243; custom_padding=&#8220;|||&#8220; global_colors_info=&#8220;{}&#8220; custom_padding__hover=&#8220;|||&#8220;][et_pb_text _builder_version=&#8220;4.22.1&#8243; _module_preset=&#8220;d5651242-e781-4e1c-b900-5b8fc65a80bf&#8220; text_line_height=&#8220;2em&#8220; text_orientation=&#8220;center&#8220; max_width=&#8220;700px&#8220; module_alignment=&#8220;center&#8220; custom_margin=&#8220;||-14px|||&#8220; custom_padding=&#8220;0px|||1px||&#8220; locked=&#8220;off&#8220; global_colors_info=&#8220;{}&#8220;]<\/p>\n<h4 style=\"text-align: center;\"><\/h4>\n<h3 style=\"text-align: center;\">Referenzen<\/h3>\n<p>[\/et_pb_text][\/et_pb_column][\/et_pb_row][et_pb_row _builder_version=&#8220;4.22.1&#8243; _module_preset=&#8220;default&#8220; max_width=&#8220;1600px&#8220; custom_padding=&#8220;||100px|||&#8220; global_colors_info=&#8220;{}&#8220;][et_pb_column type=&#8220;4_4&#8243; _builder_version=&#8220;4.22.1&#8243; _module_preset=&#8220;default&#8220; global_colors_info=&#8220;{}&#8220;][dipi_testimonial use_hide_rating=&#8220;on&#8220; use_hide_readmore=&#8220;on&#8220; use_hide_company=&#8220;on&#8220; use_hide_company_link=&#8220;on&#8220; use_hide_name=&#8220;on&#8220; review_length=&#8220;80&#8243; review_type=&#8220;on|off|off|off&#8220; use_show_popup_rating=&#8220;off&#8220; space_between=&#8220;5&#8243; container_padding=&#8220;0px|30px|0px|30px|false|false&#8220; loop=&#8220;on&#8220; autoplay=&#8220;on&#8220; autoplay_speed=&#8220;3000&#8243; navigation=&#8220;on&#8220; navigation_on_hover=&#8220;on&#8220; img_width=&#8220;70%&#8220; item_bg_color=&#8220;gcid-1543c0c0-fc66-45fc-859c-18eb6cdbc07b&#8220; _builder_version=&#8220;4.22.1&#8243; _module_preset=&#8220;default&#8220; testimonial_text_font=&#8220;||on||||||&#8220; testimonial_text_font_size=&#8220;12px&#8220; testimonial_text_line_height=&#8220;16px&#8220; background_color=&#8220;RGBA(255,255,255,0)&#8220; border_radii=&#8220;on|15px|15px|15px|15px&#8220; border_color_all=&#8220;#004E75&#8243; locked=&#8220;off&#8220; global_colors_info=&#8220;{%22gcid-1543c0c0-fc66-45fc-859c-18eb6cdbc07b%22:%91%22item_bg_color%22%93}&#8220;][\/dipi_testimonial][\/et_pb_column][\/et_pb_row][\/et_pb_section]<\/p>\n","protected":false},"excerpt":{"rendered":"<p>Global Value Dossiers (GVD) Als strategische Referenz vereint das Global Value Dossier (GVD) klinische, \u00f6konomische und nutzenbasierte Evidenz, um HTA-Einreichungen, Marktzugang und Preisentscheidungen weltweit zu unterst\u00fctzen. Wir kennen die vielf\u00e4ltigen Herausforderungen, die bei der fr\u00fchzeitigen Abstimmung regulatorischer Anforderungen, marktbezogener Bed\u00fcrfnisse und interner Ziele auftreten k\u00f6nnen. Unsere Erfahrung in der klinischen Entwicklung, mit deutschen und europ\u00e4ischen [&hellip;]<\/p>\n","protected":false},"author":1,"featured_media":0,"parent":0,"menu_order":0,"comment_status":"closed","ping_status":"closed","template":"","meta":{"_et_pb_use_builder":"on","_et_pb_old_content":"","_et_gb_content_width":"","slim_seo":{"title":"Global Value Dossiers (GVD) - AMS Advanced Medical Services GmbH","description":"Global Value Dossiers (GVD) Als strategische Referenz vereint das Global Value Dossier (GVD) klinische, \u00f6konomische und nutzenbasierte Evidenz, um HTA-Einreichu"},"footnotes":""},"dipi_cpt_category":[],"class_list":["post-10072","page","type-page","status-publish","hentry"],"_links":{"self":[{"href":"https:\/\/www.ams-europe.com\/de\/wp-json\/wp\/v2\/pages\/10072","targetHints":{"allow":["GET"]}}],"collection":[{"href":"https:\/\/www.ams-europe.com\/de\/wp-json\/wp\/v2\/pages"}],"about":[{"href":"https:\/\/www.ams-europe.com\/de\/wp-json\/wp\/v2\/types\/page"}],"author":[{"embeddable":true,"href":"https:\/\/www.ams-europe.com\/de\/wp-json\/wp\/v2\/users\/1"}],"replies":[{"embeddable":true,"href":"https:\/\/www.ams-europe.com\/de\/wp-json\/wp\/v2\/comments?post=10072"}],"version-history":[{"count":10,"href":"https:\/\/www.ams-europe.com\/de\/wp-json\/wp\/v2\/pages\/10072\/revisions"}],"predecessor-version":[{"id":10353,"href":"https:\/\/www.ams-europe.com\/de\/wp-json\/wp\/v2\/pages\/10072\/revisions\/10353"}],"wp:attachment":[{"href":"https:\/\/www.ams-europe.com\/de\/wp-json\/wp\/v2\/media?parent=10072"}],"wp:term":[{"taxonomy":"dipi_cpt_category","embeddable":true,"href":"https:\/\/www.ams-europe.com\/de\/wp-json\/wp\/v2\/dipi_cpt_category?post=10072"}],"curies":[{"name":"wp","href":"https:\/\/api.w.org\/{rel}","templated":true}]}}