{"id":2730,"date":"2024-01-30T12:11:45","date_gmt":"2024-01-30T11:11:45","guid":{"rendered":"https:\/\/homepage-v2\/services\/digital-health-applications-diga\/"},"modified":"2025-06-12T15:04:07","modified_gmt":"2025-06-12T13:04:07","slug":"diga","status":"publish","type":"page","link":"https:\/\/www.ams-europe.com\/de\/services\/diga\/","title":{"rendered":"Digitale Gesundheitsanwendungen (DiGA)"},"content":{"rendered":"<p>[et_pb_section fb_built=&#8220;1&#8243; admin_label=&#8220;Content&#8220; _builder_version=&#8220;4.27.4&#8243; _module_preset=&#8220;b0033daa-587e-4df5-8923-84a88e7f878e&#8220; custom_padding=&#8220;||||false|false&#8220; hover_enabled=&#8220;0&#8243; da_disable_devices=&#8220;off|off|off&#8220; locked=&#8220;off&#8220; global_colors_info=&#8220;{}&#8220; sticky_enabled=&#8220;0&#8243; da_is_popup=&#8220;off&#8220; da_exit_intent=&#8220;off&#8220; da_has_close=&#8220;on&#8220; da_alt_close=&#8220;off&#8220; da_dark_close=&#8220;off&#8220; da_not_modal=&#8220;on&#8220; da_is_singular=&#8220;off&#8220; da_with_loader=&#8220;off&#8220; da_has_shadow=&#8220;on&#8220;][et_pb_row column_structure=&#8220;2_3,1_3&#8243; _builder_version=&#8220;4.27.4&#8243; global_colors_info=&#8220;{}&#8220;][et_pb_column type=&#8220;2_3&#8243; _builder_version=&#8220;4.16&#8243; custom_padding=&#8220;|||&#8220; global_colors_info=&#8220;{}&#8220; custom_padding__hover=&#8220;|||&#8220;][et_pb_text _builder_version=&#8220;4.24.0&#8243; _module_preset=&#8220;d5651242-e781-4e1c-b900-5b8fc65a80bf&#8220; text_line_height=&#8220;2em&#8220; header_2_font=&#8220;Rubik|500||on|||||&#8220; header_2_text_color=&#8220;#ff8f00&#8243; header_2_font_size=&#8220;14px&#8220; header_2_letter_spacing=&#8220;1px&#8220; header_2_line_height=&#8220;1.5em&#8220; header_3_font=&#8220;Rubik|500|||||||&#8220; header_3_font_size=&#8220;38px&#8220; header_3_line_height=&#8220;1.4em&#8220; header_2_font_size_tablet=&#8220;42px&#8220; header_2_font_size_phone=&#8220;32px&#8220; header_2_font_size_last_edited=&#8220;off|desktop&#8220; header_3_font_size_tablet=&#8220;28px&#8220; header_3_font_size_phone=&#8220;20px&#8220; locked=&#8220;off&#8220; global_colors_info=&#8220;{}&#8220;]<\/p>\n<h4><\/h4>\n<h1>Digitale Gesundheitsanwendungen (DiGA)<\/h1>\n<p>Ben\u00f6tigen Sie Support bei klinischen Pr\u00fcfungen, der CE-Zertifizierung, dem Fast-Track-Verfahren oder dem Vertrieb Ihrer Digitalen Gesundheitsanwendung (DiGA)?<\/p>\n<p>Lassen Sie sich von uns mit unserem Fachwissen und unserer Erfahrung unterst\u00fctzen.<\/p>\n<p>Seit 2020, also seit Beginn des Fast-Track-Verfahrens, unterst\u00fctzen und beraten wir von <strong><em>AMS<\/em><\/strong> unsere Kunden und Kundinnen &#8211; von App-Herstellern und Herstellerinnen sowie Start-ups bis hin zu Pharmaunternehmen &#8211; in den unterschiedlichen Phasen des Lifecycle-Managements einer DiGA.<\/p>\n<p>&nbsp;<\/p>\n<p>[\/et_pb_text][dipi_balloon selector=&#8220;.ams-serviceexpert-panel&#8220; ballon_placement=&#8220;left&#8220; ballon_animation=&#8220;fadeInLeft&#8220; balloon_image_width=&#8220;200px&#8220; balloon_title=&#8220;Dr. Gabriele Feldmann&#8220; balloon_description=&#8220;<\/p>\n<p class=%22%22><em>Clinical Operations Manager<\/em><\/p>\n<p>Basierend auf einem soliden wissenschaftlichen Hintergrund in den Bereichen Pathophysiologie und Pathobiochemie widmet sich Gabriele Feldmann seit 30 Jahren der Klinischen Forschung. Ihr umfangreiches Fachwissen erstreckt sich auf internationale Studien in allen Phasen der Produktentwicklung und beinhaltet die Auswahl von Studienzentren, Monitoring und Projektmanagement. Gabriele Feldmann ist Expertin f\u00fcr die klinische Pr\u00fcfung von Medizinprodukten und betreut Studien mit Medizinprodukten aller Risikoklassen.<\/p>\n<p>Gabriele Feldmann leitet ein Team von <strong><em>AMS<\/em><\/strong> Experten, die auf diesen Bereich der Klinischen Forschung spezialisiert sind. Sie bietet kleinen und mittleren Unternehmen individuelle Beratung an und f\u00fchrt sie durch die Planung und Durchf\u00fchrung zulassungsrelevanter Studien und Post-Market Clinical Follow-up (PMCF) Studien. Dank ihrer strategischen Herangehensweise und Praxiserfahrung gelangen auch komplexe Medizinproduktestudien zu einem erfolgreichen Abschluss.<\/p>\n<p>Ihr Engagement f\u00fcr die Weiterentwicklung der Klinischen Forschung, ihre innovativen L\u00f6sungen und ihre Qualit\u00e4ten als Teamplayer machen Gabriele Feldmann zu einem gro\u00dfen Gewinn f\u00fcr das Unternehmen und seine Mission, die Gesundheitsversorgung immer weiter zu verbessern.<\/p>\n<p>\u00a0<\/p>\n<p>&#8220; width=&#8220;698px&#8220; disabled_on=&#8220;on|on|off&#8220; module_class=&#8220;ams-serviceexpert-ballon &#8220; _builder_version=&#8220;4.27.4&#8243; _module_preset=&#8220;default&#8220; balloon_title_text_color=&#8220;gcid-1543c0c0-fc66-45fc-859c-18eb6cdbc07b&#8220; balloon_description_text_color=&#8220;gcid-1543c0c0-fc66-45fc-859c-18eb6cdbc07b&#8220; balloon_description_font_size=&#8220;15px&#8220; use_background_color_gradient=&#8220;on&#8220; background_color_gradient_direction=&#8220;90deg&#8220; background_color_gradient_stops=&#8220;#3c82a8 0%|#004e75 100%&#8220; custom_padding=&#8220;3em||3em||false|false&#8220; custom_css_free_form=&#8220;.ams-serviceexpert-ballon .dipi-balloon-wrap {||  height: 440px;||}&#8220; border_radii=&#8220;on|1em|1em|1em|1em&#8220; border_radii_balloon_img=&#8220;on|1em|1em|1em|1em&#8220; border_color_all_balloon_img=&#8220;RGBA(255,255,255,0)&#8220; locked=&#8220;off&#8220; global_colors_info=&#8220;{%22gcid-1543c0c0-fc66-45fc-859c-18eb6cdbc07b%22:%91%22balloon_title_text_color%22,%22balloon_description_text_color%22%93}&#8220;][\/dipi_balloon][\/et_pb_column][et_pb_column type=&#8220;1_3&#8243; _builder_version=&#8220;4.27.4&#8243; _module_preset=&#8220;1f241cfd-2bc1-4a62-a387-267ecefef245&#8243; global_colors_info=&#8220;{}&#8220; custom_padding__hover=&#8220;|||&#8220;][et_pb_text admin_label=&#8220;Expert &#8211; Text&#8220; _builder_version=&#8220;4.27.4&#8243; _module_preset=&#8220;cd2ad163-c93f-44f6-b7d8-dd85780abf76&#8243; locked=&#8220;off&#8220; global_colors_info=&#8220;{}&#8220;]<\/p>\n<p style=\"text-align: center;\">Unsere Ansprechpartnerin<\/p>\n<p>[\/et_pb_text][et_pb_team_member name=&#8220;Dr. Gabriele Feldmann&#8220; position=&#8220;Clinical Operations Manager&#8220; image_url=&#8220;\/wp-content\/uploads\/2025\/01\/feldmann-gabi.jpg&#8220; admin_label=&#8220;Expert &#8211; Pic&#8220; _builder_version=&#8220;4.27.4&#8243; _module_preset=&#8220;35d45859-5b60-4988-b801-bf878a115189&#8243; header_font=&#8220;|600|||||||&#8220; header_text_color=&#8220;gcid-1543c0c0-fc66-45fc-859c-18eb6cdbc07b&#8220; header_font_size=&#8220;20px&#8220; header_line_height=&#8220;1.1em&#8220; body_text_color=&#8220;#C9EEFB&#8220; position_text_align=&#8220;center&#8220; position_text_color=&#8220;gcid-1543c0c0-fc66-45fc-859c-18eb6cdbc07b&#8220; background_enable_color=&#8220;off&#8220; module_alignment=&#8220;left&#8220; custom_padding=&#8220;1em|1em||1em|false|false&#8220; border_radii_image=&#8220;on|1em|1em|1em|1em&#8220; box_shadow_color_image=&#8220;gcid-b3d81f63-a079-4cba-9baf-5de18b24c75c&#8220; locked=&#8220;off&#8220; global_colors_info=&#8220;{%22gcid-1543c0c0-fc66-45fc-859c-18eb6cdbc07b%22:%91%22header_text_color%22,%22position_text_color%22%93,%22gcid-b3d81f63-a079-4cba-9baf-5de18b24c75c%22:%91%22box_shadow_color_image%22%93}&#8220;][\/et_pb_team_member][et_pb_button button_url=&#8220;mailto:diga-team@ams-europe.com&#8220; button_text=&#8220;Kontakt&#8220; button_alignment=&#8220;center&#8220; admin_label=&#8220;Expert &#8211; Button&#8220; _builder_version=&#8220;4.27.4&#8243; _module_preset=&#8220;0e1d5a6d-a26b-4e21-bc28-4d0ec17e6acc&#8220; hover_enabled=&#8220;0&#8243; locked=&#8220;off&#8220; global_colors_info=&#8220;{}&#8220; sticky_enabled=&#8220;0&#8243;][\/et_pb_button][\/et_pb_column][\/et_pb_row][et_pb_row _builder_version=&#8220;4.22.1&#8243; _module_preset=&#8220;default&#8220; global_colors_info=&#8220;{}&#8220;][et_pb_column type=&#8220;4_4&#8243; _builder_version=&#8220;4.22.1&#8243; _module_preset=&#8220;default&#8220; global_colors_info=&#8220;{}&#8220;][et_pb_text _builder_version=&#8220;4.22.1&#8243; _module_preset=&#8220;d5651242-e781-4e1c-b900-5b8fc65a80bf&#8220; text_line_height=&#8220;2em&#8220; custom_margin=&#8220;||-17px|||&#8220; locked=&#8220;off&#8220; global_colors_info=&#8220;{}&#8220;]<\/p>\n<h3>Unsere Leistungen<\/h3>\n<p>[\/et_pb_text][\/et_pb_column][\/et_pb_row][et_pb_row column_structure=&#8220;1_3,1_3,1_3&#8243; _builder_version=&#8220;4.22.1&#8243; _module_preset=&#8220;default&#8220; custom_margin=&#8220;-17px|auto||auto||&#8220; global_colors_info=&#8220;{}&#8220;][et_pb_column type=&#8220;1_3&#8243; _builder_version=&#8220;4.22.1&#8243; _module_preset=&#8220;default&#8220; global_colors_info=&#8220;{}&#8220;][et_pb_blurb title=&#8220;25 Jahre Erfahrung&#8220; use_icon=&#8220;on&#8220; _builder_version=&#8220;4.24.0&#8243; _module_preset=&#8220;cf6960f7-e11a-4680-aed6-a7c5a2cd9390&#8243; global_colors_info=&#8220;{%22gcid-cac6beee-0829-4b2e-8ce6-b78f64a8a6f9%22:%91%22background_color%22%93}&#8220;]<\/p>\n<p>Ihre klinische Pr\u00fcfung oder epidemiologische Studie ist bei uns in sehr guten H\u00e4nden. Wir verf\u00fcgen \u00fcber mehr als 25 Jahre Erfahrung in mehr als 800 klinischen Studien in einem weiten Indikationsspektrum.<\/p>\n<p>[\/et_pb_blurb][et_pb_blurb title=&#8220;DiGA Fast-Track Procedure&#8220; use_icon=&#8220;on&#8220; _builder_version=&#8220;4.24.0&#8243; _module_preset=&#8220;cf6960f7-e11a-4680-aed6-a7c5a2cd9390&#8243; global_colors_info=&#8220;{%22gcid-251f80c9-1c09-41b2-b627-a432583ed076%22:%91%22background_color_gradient_stops%22,%22background_color_gradient_stops%22%93,%22gcid-80d13553-8301-4214-b254-781099ffdfd3%22:%91%22background_color_gradient_stops%22,%22background_color_gradient_stops%22%93,%22gcid-b3d81f63-a079-4cba-9baf-5de18b24c75c%22:%91%22background_color_gradient_stops%22,%22background_color_gradient_stops%22%93,%22gcid-1c4dbd18-4ae4-4498-8d72-ca1b158a6fa4%22:%91%22background_color_gradient_stops%22,%22background_color_gradient_stops%22%93,%22gcid-cac6beee-0829-4b2e-8ce6-b78f64a8a6f9%22:%91%22background_color%22%93}&#8220;]<\/p>\n<p>Wir erstellen f\u00fcr Sie den Antrag f\u00fcr das DiGA-Fast-Track-Verfahren und das Evaluationskonzept, einschlie\u00dflich einer systematischen Datenauswertung aus fr\u00fcheren Studien zu Ihrer Gesundheits-App und eines klinischen Pr\u00fcfplans mit allen erforderlichen statistischen \u00dcberlegungen.<\/p>\n<p>[\/et_pb_blurb][\/et_pb_column][et_pb_column type=&#8220;1_3&#8243; _builder_version=&#8220;4.22.1&#8243; _module_preset=&#8220;default&#8220; global_colors_info=&#8220;{}&#8220;][et_pb_blurb title=&#8220;CE-Zertifizierung&#8220; use_icon=&#8220;on&#8220; _builder_version=&#8220;4.24.0&#8243; _module_preset=&#8220;cf6960f7-e11a-4680-aed6-a7c5a2cd9390&#8243; global_colors_info=&#8220;{%22gcid-cac6beee-0829-4b2e-8ce6-b78f64a8a6f9%22:%91%22background_color%22%93}&#8220;]<\/p>\n<p>Gemeinsam mit Partnerunternehmen aus unserem Netzwerk unterst\u00fctzen wir Sie bei der CE-Zertifizierung Ihrer Gesundheits-App.<\/p>\n<p>[\/et_pb_blurb][et_pb_blurb title=&#8220;Beratung durch das Innovationsb\u00fcro&#8220; use_icon=&#8220;on&#8220; _builder_version=&#8220;4.24.0&#8243; _module_preset=&#8220;cf6960f7-e11a-4680-aed6-a7c5a2cd9390&#8243; global_colors_info=&#8220;{%22gcid-cac6beee-0829-4b2e-8ce6-b78f64a8a6f9%22:%91%22background_color%22%93}&#8220;]<\/p>\n<p>Ben\u00f6tigen Sie Unterst\u00fctzung bei der Beratung durch die Innovationsstelle des Bundesinstituts f\u00fcr Arzneimittel und Medizinprodukte (BfArM) im Rahmen des Fast-Track-Verfahrens? Wir stehen Ihnen zur Seite &#8211; bei der Vorbereitung und\/ oder bei der Beratung selbst.<\/p>\n<p>[\/et_pb_blurb][\/et_pb_column][et_pb_column type=&#8220;1_3&#8243; _builder_version=&#8220;4.22.1&#8243; _module_preset=&#8220;default&#8220; global_colors_info=&#8220;{}&#8220;][et_pb_blurb title=&#8220;Clinical Investigation Report&#8220; use_icon=&#8220;on&#8220; _builder_version=&#8220;4.24.0&#8243; _module_preset=&#8220;cf6960f7-e11a-4680-aed6-a7c5a2cd9390&#8243; global_colors_info=&#8220;{%22gcid-cac6beee-0829-4b2e-8ce6-b78f64a8a6f9%22:%91%22background_color%22%93}&#8220;]<\/p>\n<p>Unsere Medical Writing-Abteilung fasst die Ergebnisse Ihrer DiGA-Studie in einem klinischen Studienbericht zusammen und \u00fcbernimmt f\u00fcr Sie die Erstellung von Publikationen.<\/p>\n<p>[\/et_pb_blurb][et_pb_blurb title=&#8220;Sales Strategie&#8220; use_icon=&#8220;on&#8220; _builder_version=&#8220;4.22.1&#8243; _module_preset=&#8220;cf6960f7-e11a-4680-aed6-a7c5a2cd9390&#8243; global_colors_info=&#8220;{%22gcid-cac6beee-0829-4b2e-8ce6-b78f64a8a6f9%22:%91%22background_color%22%93}&#8220;]<\/p>\n<p>Wenn Sie Unterst\u00fctzung beim Vertrieb Ihrer DiGA ben\u00f6tigen, kann <strong><em>AMS<\/em><\/strong> eine geeignete Vertriebsstrategie entwickeln, <br \/>Ihre Au\u00dfendienstmitarbeiter schulen oder externe Freelancer bereitstellen.<\/p>\n<p>[\/et_pb_blurb][\/et_pb_column][\/et_pb_row][et_pb_row _builder_version=&#8220;4.24.0&#8243; _module_preset=&#8220;default&#8220; global_colors_info=&#8220;{}&#8220;][et_pb_column type=&#8220;4_4&#8243; _builder_version=&#8220;4.24.0&#8243; _module_preset=&#8220;default&#8220; global_colors_info=&#8220;{}&#8220;][et_pb_text _builder_version=&#8220;4.24.0&#8243; _module_preset=&#8220;d5651242-e781-4e1c-b900-5b8fc65a80bf&#8220; locked=&#8220;off&#8220; global_colors_info=&#8220;{}&#8220;]<\/p>\n<h4><\/h4>\n<h3>Publikationen<\/h3>\n<ul>\n<li>DiGA sind ein erfolgreiches Modell f\u00fcr den Marktzugang, das in anderen L\u00e4ndern als Vorbild zur Verbesserung der Versorgung dient, auch wenn immer noch einige H\u00fcrden bestehen, legen Kirsten Dahm von <strong><em>AMS<\/em><\/strong> und Koautoren dar in <a href=\"\/wp-content\/uploads\/2024\/10\/PMQM224-p18-27-Dahm-et-al.pdf\" target=\"_blank\" rel=\"noopener\">PMQM224-p18-27-Dahm-et-al<\/a><\/li>\n<\/ul>\n<ul><\/ul>\n<p>[\/et_pb_text][\/et_pb_column][\/et_pb_row][et_pb_row _builder_version=&#8220;4.24.0&#8243; _module_preset=&#8220;default&#8220; global_colors_info=&#8220;{}&#8220;][et_pb_column type=&#8220;4_4&#8243; _builder_version=&#8220;4.24.0&#8243; _module_preset=&#8220;default&#8220; global_colors_info=&#8220;{}&#8220;][dipi_expanding_cta content_title=&#8220;Kontakt&#8220; content_description=&#8220;<\/p>\n<p>Unser Team bei <em><strong>AMS<\/strong><\/em> freut sich auf Ihre Anfrage. Bitte z\u00f6gern Sie nicht, sich mit uns in Verbindung zu setzen.<\/p>\n<\/p>\n<p>&#8220; content_button_text=&#8220;diga-team@ams-europe.com&#8220; content_button_link=&#8220;mailto:diga-team@ams-europe.com&#8220; admin_label=&#8220;Pixel Expanding CTA&#8220; _builder_version=&#8220;4.24.0&#8243; _module_preset=&#8220;c6887d3d-d46f-4466-8ee5-799370de29be&#8220; custom_margin=&#8220;5em||2em||false|false&#8220; locked=&#8220;off&#8220; global_colors_info=&#8220;{%22gcid-e953896c-2ebc-4943-bbfd-26fb1c1260bf%22:%91%22overlay_bg_color_gradient_stops%22%93,%22gcid-1543c0c0-fc66-45fc-859c-18eb6cdbc07b%22:%91%22content_title_text_color%22,%22content_desc_text_color%22%93,%22gcid-80d13553-8301-4214-b254-781099ffdfd3%22:%91%22overlay_bg_color%22%93}&#8220;][\/dipi_expanding_cta][\/et_pb_column][\/et_pb_row][\/et_pb_section][et_pb_section fb_built=&#8220;1&#8243; admin_label=&#8220;References&#8220; module_id=&#8220;Erfolgsgeschichten&#8220; _builder_version=&#8220;4.24.0&#8243; _module_preset=&#8220;b0033daa-587e-4df5-8923-84a88e7f878e&#8220; background_color_gradient_stops=&#8220;gcid-cac6beee-0829-4b2e-8ce6-b78f64a8a6f9 0%|gcid-1543c0c0-fc66-45fc-859c-18eb6cdbc07b 100%&#8220; custom_padding=&#8220;||0vw||false|false&#8220; da_disable_devices=&#8220;off|off|off&#8220; saved_tabs=&#8220;all&#8220; locked=&#8220;off&#8220; global_colors_info=&#8220;{%22gcid-b3d81f63-a079-4cba-9baf-5de18b24c75c%22:%91%22background_color_gradient_stops%22%93,%22gcid-251f80c9-1c09-41b2-b627-a432583ed076%22:%91%22background_color_gradient_stops%22%93,%22gcid-80d13553-8301-4214-b254-781099ffdfd3%22:%91%22background_color_gradient_stops%22%93,%22gcid-1c4dbd18-4ae4-4498-8d72-ca1b158a6fa4%22:%91%22background_color_gradient_stops%22%93,%22gcid-cac6beee-0829-4b2e-8ce6-b78f64a8a6f9%22:%91%22background_color_gradient_stops%22%93,%22gcid-e8cc8422-b2ee-4f8d-8ffd-62678c3e072e%22:%91%22background_color_gradient_stops%22%93,%22gcid-49ae2954-2be5-4dc9-9e28-2cacbe6effc4%22:%91%22background_color_gradient_stops%22%93,%22gcid-1543c0c0-fc66-45fc-859c-18eb6cdbc07b%22:%91%22background_color_gradient_stops%22%93}&#8220; da_is_popup=&#8220;off&#8220; da_exit_intent=&#8220;off&#8220; da_has_close=&#8220;on&#8220; da_alt_close=&#8220;off&#8220; da_dark_close=&#8220;off&#8220; da_not_modal=&#8220;on&#8220; da_is_singular=&#8220;off&#8220; da_with_loader=&#8220;off&#8220; da_has_shadow=&#8220;on&#8220;][et_pb_row _builder_version=&#8220;4.16&#8243; custom_padding=&#8220;40px|||||&#8220; global_colors_info=&#8220;{}&#8220;][et_pb_column type=&#8220;4_4&#8243; _builder_version=&#8220;4.16&#8243; custom_padding=&#8220;|||&#8220; global_colors_info=&#8220;{}&#8220; custom_padding__hover=&#8220;|||&#8220;][et_pb_text _builder_version=&#8220;4.22.1&#8243; _module_preset=&#8220;d5651242-e781-4e1c-b900-5b8fc65a80bf&#8220; text_line_height=&#8220;2em&#8220; text_orientation=&#8220;center&#8220; max_width=&#8220;700px&#8220; module_alignment=&#8220;center&#8220; custom_margin=&#8220;||-14px|||&#8220; custom_padding=&#8220;0px|||1px||&#8220; locked=&#8220;off&#8220; global_colors_info=&#8220;{}&#8220;]<\/p>\n<h4 style=\"text-align: center;\"><\/h4>\n<h3 style=\"text-align: center;\">Referenzen<\/h3>\n<p>[\/et_pb_text][\/et_pb_column][\/et_pb_row][et_pb_row _builder_version=&#8220;4.22.1&#8243; _module_preset=&#8220;default&#8220; max_width=&#8220;1600px&#8220; custom_padding=&#8220;||100px|||&#8220; global_colors_info=&#8220;{}&#8220;][et_pb_column type=&#8220;4_4&#8243; _builder_version=&#8220;4.22.1&#8243; _module_preset=&#8220;default&#8220; global_colors_info=&#8220;{}&#8220;][dipi_testimonial use_hide_rating=&#8220;on&#8220; use_hide_readmore=&#8220;on&#8220; use_hide_company=&#8220;on&#8220; use_hide_company_link=&#8220;on&#8220; use_hide_name=&#8220;on&#8220; review_length=&#8220;80&#8243; review_type=&#8220;on|off|off|off&#8220; use_show_popup_rating=&#8220;off&#8220; space_between=&#8220;5&#8243; container_padding=&#8220;0px|30px|0px|30px|false|false&#8220; loop=&#8220;on&#8220; autoplay=&#8220;on&#8220; autoplay_speed=&#8220;3000&#8243; navigation=&#8220;on&#8220; navigation_on_hover=&#8220;on&#8220; img_width=&#8220;70%&#8220; item_bg_color=&#8220;gcid-1543c0c0-fc66-45fc-859c-18eb6cdbc07b&#8220; _builder_version=&#8220;4.22.1&#8243; _module_preset=&#8220;default&#8220; testimonial_text_font=&#8220;||on||||||&#8220; testimonial_text_font_size=&#8220;12px&#8220; testimonial_text_line_height=&#8220;16px&#8220; background_color=&#8220;RGBA(255,255,255,0)&#8220; border_radii=&#8220;on|15px|15px|15px|15px&#8220; border_color_all=&#8220;#004E75&#8243; locked=&#8220;off&#8220; global_colors_info=&#8220;{%22gcid-1543c0c0-fc66-45fc-859c-18eb6cdbc07b%22:%91%22item_bg_color%22%93}&#8220;][\/dipi_testimonial][\/et_pb_column][\/et_pb_row][\/et_pb_section]<\/p>\n","protected":false},"excerpt":{"rendered":"<p>Wir engagieren uns f\u00fcr transparente, zuverl\u00e4ssige und umfassende Dienstleistungen, damit lebensrettende Therapeutika und Medizinprodukte schneller zu den Patienten gelangen.<\/p>\n","protected":false},"author":1,"featured_media":1568,"parent":1737,"menu_order":50,"comment_status":"closed","ping_status":"closed","template":"","meta":{"_et_pb_use_builder":"on","_et_pb_old_content":"","_et_gb_content_width":"","slim_seo":{"title":"Digitale Gesundheitsanwendungen (DiGA) - AMS Advanced Medical Services GmbH","description":"Wir engagieren uns f\u00fcr transparente, zuverl\u00e4ssige und umfassende Dienstleistungen, damit lebensrettende Therapeutika und Medizinprodukte schneller zu den Patien"},"footnotes":""},"dipi_cpt_category":[],"class_list":["post-2730","page","type-page","status-publish","has-post-thumbnail","hentry"],"_links":{"self":[{"href":"https:\/\/www.ams-europe.com\/de\/wp-json\/wp\/v2\/pages\/2730","targetHints":{"allow":["GET"]}}],"collection":[{"href":"https:\/\/www.ams-europe.com\/de\/wp-json\/wp\/v2\/pages"}],"about":[{"href":"https:\/\/www.ams-europe.com\/de\/wp-json\/wp\/v2\/types\/page"}],"author":[{"embeddable":true,"href":"https:\/\/www.ams-europe.com\/de\/wp-json\/wp\/v2\/users\/1"}],"replies":[{"embeddable":true,"href":"https:\/\/www.ams-europe.com\/de\/wp-json\/wp\/v2\/comments?post=2730"}],"version-history":[{"count":54,"href":"https:\/\/www.ams-europe.com\/de\/wp-json\/wp\/v2\/pages\/2730\/revisions"}],"predecessor-version":[{"id":9964,"href":"https:\/\/www.ams-europe.com\/de\/wp-json\/wp\/v2\/pages\/2730\/revisions\/9964"}],"up":[{"embeddable":true,"href":"https:\/\/www.ams-europe.com\/de\/wp-json\/wp\/v2\/pages\/1737"}],"wp:featuredmedia":[{"embeddable":true,"href":"https:\/\/www.ams-europe.com\/de\/wp-json\/wp\/v2\/media\/1568"}],"wp:attachment":[{"href":"https:\/\/www.ams-europe.com\/de\/wp-json\/wp\/v2\/media?parent=2730"}],"wp:term":[{"taxonomy":"dipi_cpt_category","embeddable":true,"href":"https:\/\/www.ams-europe.com\/de\/wp-json\/wp\/v2\/dipi_cpt_category?post=2730"}],"curies":[{"name":"wp","href":"https:\/\/api.w.org\/{rel}","templated":true}]}}