{"id":5589,"date":"2024-03-19T15:07:47","date_gmt":"2024-03-19T14:07:47","guid":{"rendered":"https:\/\/homepage-v2\/services\/education-and-training\/rechtliche-voraussetzungen-fuer-die-taetigkeit-als-pharmaberater\/"},"modified":"2025-05-19T06:58:44","modified_gmt":"2025-05-19T04:58:44","slug":"rechtliche-voraussetzungen-fuer-die-taetigkeit-als-pharmaberater","status":"publish","type":"page","link":"https:\/\/www.ams-europe.com\/de\/services\/education-and-training\/rechtliche-voraussetzungen-fuer-die-taetigkeit-als-pharmaberater\/","title":{"rendered":"Rechtliche Voraussetzungen f\u00fcr die T\u00e4tigkeit als Pharmaberater"},"content":{"rendered":"<p>[et_pb_section fb_built=&#8220;1&#8243; _builder_version=&#8220;4.24.0&#8243; _module_preset=&#8220;b0033daa-587e-4df5-8923-84a88e7f878e&#8220; custom_padding=&#8220;0vw||3vw||false|false&#8220; da_disable_devices=&#8220;off|off|off&#8220; global_colors_info=&#8220;{}&#8220; da_is_popup=&#8220;off&#8220; da_exit_intent=&#8220;off&#8220; da_has_close=&#8220;on&#8220; da_alt_close=&#8220;off&#8220; da_dark_close=&#8220;off&#8220; da_not_modal=&#8220;on&#8220; da_is_singular=&#8220;off&#8220; da_with_loader=&#8220;off&#8220; da_has_shadow=&#8220;on&#8220;][et_pb_row _builder_version=&#8220;4.24.0&#8243; _module_preset=&#8220;6ce8c84c-f2b7-4462-b647-177b63d43c0e&#8220; global_colors_info=&#8220;{}&#8220;][et_pb_column type=&#8220;4_4&#8243; _builder_version=&#8220;4.24.0&#8243; _module_preset=&#8220;default&#8220; global_colors_info=&#8220;{}&#8220;][et_pb_text _builder_version=&#8220;4.24.0&#8243; _module_preset=&#8220;d5651242-e781-4e1c-b900-5b8fc65a80bf&#8220; header_2_font=&#8220;Rubik|500||on|||||&#8220; header_2_text_color=&#8220;#ff8f00&#8243; header_2_font_size=&#8220;14px&#8220; header_2_letter_spacing=&#8220;1px&#8220; header_2_line_height=&#8220;1.5em&#8220; header_3_font=&#8220;Rubik|500|||||||&#8220; header_3_font_size=&#8220;38px&#8220; header_3_line_height=&#8220;1.4em&#8220; header_2_font_size_tablet=&#8220;42px&#8220; header_2_font_size_phone=&#8220;32px&#8220; header_2_font_size_last_edited=&#8220;off|desktop&#8220; header_3_font_size_tablet=&#8220;28px&#8220; header_3_font_size_phone=&#8220;20px&#8220; locked=&#8220;off&#8220; global_colors_info=&#8220;{}&#8220;]<\/p>\n<h4><\/h4>\n<h1>Rechtliche Voraussetzungen f\u00fcr die T\u00e4tigkeit als Pharmaberater<\/h1>\n<p>[\/et_pb_text][\/et_pb_column][\/et_pb_row][et_pb_row _builder_version=&#8220;4.24.0&#8243; custom_margin=&#8220;|auto|0em|auto|false|false&#8220; custom_padding=&#8220;||||false|false&#8220; locked=&#8220;off&#8220; global_colors_info=&#8220;{}&#8220;][et_pb_column type=&#8220;4_4&#8243; _builder_version=&#8220;4.16&#8243; custom_padding=&#8220;|||&#8220; global_colors_info=&#8220;{}&#8220; custom_padding__hover=&#8220;|||&#8220;][et_pb_text _builder_version=&#8220;4.24.0&#8243; _module_preset=&#8220;d5651242-e781-4e1c-b900-5b8fc65a80bf&#8220; header_2_font=&#8220;Rubik|500||on|||||&#8220; header_2_text_color=&#8220;#ff8f00&#8243; header_2_font_size=&#8220;14px&#8220; header_2_letter_spacing=&#8220;1px&#8220; header_2_line_height=&#8220;1.5em&#8220; header_3_font=&#8220;Rubik|500|||||||&#8220; header_3_font_size=&#8220;38px&#8220; header_3_line_height=&#8220;1.4em&#8220; header_2_font_size_tablet=&#8220;42px&#8220; header_2_font_size_phone=&#8220;32px&#8220; header_2_font_size_last_edited=&#8220;off|desktop&#8220; header_3_font_size_tablet=&#8220;28px&#8220; header_3_font_size_phone=&#8220;20px&#8220; locked=&#8220;off&#8220; global_colors_info=&#8220;{}&#8220;]<\/p>\n<p>In Deutschland regelt das Arzneimittelgesetz (AMG), wer \u00c4rzte und andere Angeh\u00f6rige der medizinischen Fachkreise \u00fcber Arzneimittel beraten darf.<\/p>\n<p>In \u00a7 75 AMG sind die Berufe aufgef\u00fchrt, die die daf\u00fcr erforderliche \u201cSachkenntnis als Pharmaberater\u201c von Gesetzes wegen besitzen, d.h. mit einem dieser Berufe kann man ohne weitere Ausbildung als Pharmaberater t\u00e4tig werden. Diese beruflichen Voraussetzungen sind: ein abgeschlossenes Studium der Biologie, Chemie, Pharmazie, Medizin (Humanmedizin, Veterin\u00e4rmedizin), eine abgeschlossene Ausbildung als PTA, MTA (MTLA, MTRA, VMTA), BTA, CTA oder als Gepr\u00fcfter Pharmareferent \/ Gepr\u00fcfte Pharmareferentin. <\/p>\n<p>Dar\u00fcber hinaus k\u00f6nnen auch andere abgelegte Pr\u00fcfungen oder abgeschlossene Ausbildungen als ausreichend anerkannt werden, wenn sie einer der im Gesetz genannten Ausbildungen mindestens gleichwertig sind. Eine solche Anerkennung der Sachkenntnis als Pharmaberater muss individuell bei der zust\u00e4ndigen Landesbeh\u00f6rde &#8211; in der Regel sind dies die Regierungspr\u00e4sidien &#8211; beantragt werden. Wird sie erteilt, ist man auch als Pharmaberater berechtigt, \u00c4rzte und andere Angeh\u00f6rige medizinischer Fachkreise in Arzneimittelfragen zu beraten.  <\/p>\n<p>Zu den Ausbildungen, die in der Regel zur Erteilung der Sachkenntnis als Pharmaberater f\u00fchren, geh\u00f6ren z.B. ein abgeschlossenes Studium der Oecotrophologie, Biochemie oder Humanbiologie.<\/p>\n<p>[\/et_pb_text][\/et_pb_column][\/et_pb_row][et_pb_row _builder_version=&#8220;4.24.0&#8243; _module_preset=&#8220;6ce8c84c-f2b7-4462-b647-177b63d43c0e&#8220; global_colors_info=&#8220;{}&#8220;][et_pb_column type=&#8220;4_4&#8243; _builder_version=&#8220;4.24.0&#8243; _module_preset=&#8220;default&#8220; global_colors_info=&#8220;{}&#8220;][et_pb_text _builder_version=&#8220;4.24.0&#8243; _module_preset=&#8220;d5651242-e781-4e1c-b900-5b8fc65a80bf&#8220; locked=&#8220;off&#8220; global_colors_info=&#8220;{}&#8220;]<\/p>\n<h3>Ihr Beruf ist nicht dabei? Dann k\u00f6nnen Sie \u00fcber eine Weiterbildung den IHK-Abschluss Gepr\u00fcfter Pharmareferent \/ Gepr\u00fcfte Pharmareferentin erwerben. <\/h3>\n<p>[\/et_pb_text][\/et_pb_column][\/et_pb_row][et_pb_row _builder_version=&#8220;4.24.0&#8243; _module_preset=&#8220;default&#8220; custom_margin=&#8220;||0px||false|false&#8220; locked=&#8220;off&#8220; global_colors_info=&#8220;{}&#8220;][et_pb_column type=&#8220;4_4&#8243; _builder_version=&#8220;4.22.1&#8243; _module_preset=&#8220;default&#8220; global_colors_info=&#8220;{}&#8220;][et_pb_text _builder_version=&#8220;4.27.4&#8243; _module_preset=&#8220;d5651242-e781-4e1c-b900-5b8fc65a80bf&#8220; hover_enabled=&#8220;0&#8243; global_colors_info=&#8220;{}&#8220; sticky_enabled=&#8220;0&#8243;]Auch wenn Sie \u00fcber keinen der oben genannten Abschl\u00fcsse verf\u00fcgen, ist es bei Vorliegen bestimmter beruflicher Voraussetzungen m\u00f6glich, die gesetzlich geforderte Sachkenntnis als Pharmaberater\/-in durch eine Weiterbildung zu erwerben.<\/p>\n<p>AMS bietet die Weiterbildung zum Gepr\u00fcften Pharmareferenten \/ zur gepr\u00fcften Pharmareferentin ortsunabh\u00e4ngig als Online-Lehrgang an. Damit sind Sie unabh\u00e4ngig davon, ob sich eine Pharmaschule in erreichbarer N\u00e4he befindet, k\u00f6nnen von \u00fcberall an der Weiterbildung teilnehmen und Ihre Lernzeiten frei bestimmen.<\/p>\n<p>Bereits seit 2001 f\u00fchren wir diese Weiterbildung \u00fcber unser webbasiertes Schulungsportal durch. Unsere langj\u00e4hrige Erfahrung mit dieser Art der Wissensvermittlung und die kompetente pers\u00f6nliche Betreuung unserer Teilnehmerinnen und Teilnehmer durch Online-Tutoren zeichnen unsere Internet-Pharmaschule aus. <a href=\"\/de\/services\/education-and-training\/1-ips-online-weiterbildung-zum-geprueften-pharmareferenten-zur-geprueften-pharmareferentin-ihk\/\">Weitere Informationen<\/a><\/p>\n<p>F\u00fcr reine Selbstlerner, die auf eine pers\u00f6nliche Betreuung verzichten und damit Kosten sparen m\u00f6chten, empfehlen wir unseren \u201cSelbstlernkurs Pharmareferentenwissen\u201c, der die gleichen Lerninhalte wie der betreute Kurs bietet. Mehr dazu erfahren Sie hier: Kosteng\u00fcnstige Fortbildung zum Pharmaberater im Selbststudium. <a href=\"\/de\/services\/education-and-training\/1-ips-selbstlernkurs-pharmareferentenwissen\/\">Weitere Informationen<\/a><\/p>\n<p>Qualifizieren Sie sich an unserer 1. Internet-Pharma-Schule (1.IPS) f\u00fcr den Pharmaau\u00dfendienst durch eine Online-Weiterbildung mit anerkanntem IHK-Abschluss als Gepr\u00fcfter Pharmareferent \/ Gepr\u00fcfte Pharmareferentin![\/et_pb_text][\/et_pb_column][\/et_pb_row][et_pb_row _builder_version=&#8220;4.24.0&#8243; _module_preset=&#8220;default&#8220; global_colors_info=&#8220;{}&#8220;][et_pb_column type=&#8220;4_4&#8243; _builder_version=&#8220;4.24.0&#8243; _module_preset=&#8220;default&#8220; global_colors_info=&#8220;{}&#8220;][et_pb_text _builder_version=&#8220;4.24.0&#8243; _module_preset=&#8220;d5651242-e781-4e1c-b900-5b8fc65a80bf&#8220; global_colors_info=&#8220;{}&#8220;]<\/p>\n<h3>H\u00e4ufig gestellte Fragen (FAQs)<\/h3>\n<p>[\/et_pb_text][et_pb_text _builder_version=&#8220;4.27.4&#8243; _module_preset=&#8220;d5651242-e781-4e1c-b900-5b8fc65a80bf&#8220; hover_enabled=&#8220;0&#8243; global_colors_info=&#8220;{}&#8220; sticky_enabled=&#8220;0&#8243;]zur T\u00e4tigkeit als Pharmaberater bei AMS beantworten wir Ihnen <a href=\"\/de\/services\/education-and-training\/berufsbild-pharmaberater-in\/\">hier<\/a>.<\/p>\n<p>Die Aussagen lassen sich weitgehend auch auf andere T\u00e4tigkeitsfelder im Au\u00dfendienst von AMS (z.B. Apothekenau\u00dfendienst, Medizinprodukteau\u00dfendienst etc.) \u00fcbertragen.[\/et_pb_text][\/et_pb_column][\/et_pb_row][et_pb_row _builder_version=&#8220;4.24.0&#8243; _module_preset=&#8220;default&#8220; global_colors_info=&#8220;{}&#8220;][et_pb_column type=&#8220;4_4&#8243; _builder_version=&#8220;4.24.0&#8243; _module_preset=&#8220;default&#8220; global_colors_info=&#8220;{}&#8220;][et_pb_text _builder_version=&#8220;4.24.0&#8243; _module_preset=&#8220;d5651242-e781-4e1c-b900-5b8fc65a80bf&#8220; global_colors_info=&#8220;{}&#8220;]<\/p>\n<h3>Allgemeine Anforderungen<\/h3>\n<p>[\/et_pb_text][et_pb_text _builder_version=&#8220;4.27.4&#8243; _module_preset=&#8220;d5651242-e781-4e1c-b900-5b8fc65a80bf&#8220; hover_enabled=&#8220;0&#8243; global_colors_info=&#8220;{}&#8220; sticky_enabled=&#8220;0&#8243;]Grunds\u00e4tzlich sind Berufserfahrene und Berufseinsteiger gleicherma\u00dfen willkommen. F\u00fcr die einzelnen Vakanzen gelten jedoch unterschiedliche Anforderungen, die uns von unseren Auftraggebern vorgegeben werden. F\u00fcr welche Vakanz wir Ihre Bewerbung ber\u00fccksichtigen k\u00f6nnen, h\u00e4ngt daher nicht nur von geografischen, sondern auch von fachlichen Anforderungen ab.<\/p>\n<p>Schauen Sie sich auf unserer <a href=\"\/de\/about-us\/career\/jobs-bei-ams\/\">Karriereseite<\/a> nach offenen Stellen um.[\/et_pb_text][\/et_pb_column][\/et_pb_row][\/et_pb_section][et_pb_section fb_built=&#8220;1&#8243; admin_label=&#8220;References&#8220; module_id=&#8220;Erfolgsgeschichten&#8220; _builder_version=&#8220;4.24.0&#8243; _module_preset=&#8220;b0033daa-587e-4df5-8923-84a88e7f878e&#8220; background_color_gradient_stops=&#8220;gcid-cac6beee-0829-4b2e-8ce6-b78f64a8a6f9 0%|gcid-1543c0c0-fc66-45fc-859c-18eb6cdbc07b 100%&#8220; custom_padding=&#8220;||0vw||false|false&#8220; da_disable_devices=&#8220;off|off|off&#8220; saved_tabs=&#8220;all&#8220; locked=&#8220;off&#8220; global_colors_info=&#8220;{%22gcid-b3d81f63-a079-4cba-9baf-5de18b24c75c%22:%91%22background_color_gradient_stops%22%93,%22gcid-251f80c9-1c09-41b2-b627-a432583ed076%22:%91%22background_color_gradient_stops%22%93,%22gcid-80d13553-8301-4214-b254-781099ffdfd3%22:%91%22background_color_gradient_stops%22%93,%22gcid-1c4dbd18-4ae4-4498-8d72-ca1b158a6fa4%22:%91%22background_color_gradient_stops%22%93,%22gcid-cac6beee-0829-4b2e-8ce6-b78f64a8a6f9%22:%91%22background_color_gradient_stops%22%93,%22gcid-e8cc8422-b2ee-4f8d-8ffd-62678c3e072e%22:%91%22background_color_gradient_stops%22%93,%22gcid-49ae2954-2be5-4dc9-9e28-2cacbe6effc4%22:%91%22background_color_gradient_stops%22%93,%22gcid-1543c0c0-fc66-45fc-859c-18eb6cdbc07b%22:%91%22background_color_gradient_stops%22%93}&#8220; da_is_popup=&#8220;off&#8220; da_exit_intent=&#8220;off&#8220; da_has_close=&#8220;on&#8220; da_alt_close=&#8220;off&#8220; da_dark_close=&#8220;off&#8220; da_not_modal=&#8220;on&#8220; da_is_singular=&#8220;off&#8220; da_with_loader=&#8220;off&#8220; da_has_shadow=&#8220;on&#8220;][et_pb_row _builder_version=&#8220;4.16&#8243; custom_padding=&#8220;40px|||||&#8220; global_colors_info=&#8220;{}&#8220;][et_pb_column type=&#8220;4_4&#8243; _builder_version=&#8220;4.16&#8243; custom_padding=&#8220;|||&#8220; global_colors_info=&#8220;{}&#8220; custom_padding__hover=&#8220;|||&#8220;][et_pb_text _builder_version=&#8220;4.22.1&#8243; _module_preset=&#8220;d5651242-e781-4e1c-b900-5b8fc65a80bf&#8220; text_line_height=&#8220;2em&#8220; text_orientation=&#8220;center&#8220; max_width=&#8220;700px&#8220; module_alignment=&#8220;center&#8220; custom_margin=&#8220;||-14px|||&#8220; custom_padding=&#8220;0px|||1px||&#8220; locked=&#8220;off&#8220; global_colors_info=&#8220;{}&#8220;]<\/p>\n<h4 style=\"text-align: center;\"><\/h4>\n<h3 style=\"text-align: center;\">Referenzen<\/h3>\n<p>[\/et_pb_text][\/et_pb_column][\/et_pb_row][et_pb_row _builder_version=&#8220;4.22.1&#8243; _module_preset=&#8220;default&#8220; max_width=&#8220;1600px&#8220; custom_padding=&#8220;||100px|||&#8220; global_colors_info=&#8220;{}&#8220;][et_pb_column type=&#8220;4_4&#8243; _builder_version=&#8220;4.22.1&#8243; _module_preset=&#8220;default&#8220; global_colors_info=&#8220;{}&#8220;][dipi_testimonial use_hide_rating=&#8220;on&#8220; use_hide_readmore=&#8220;on&#8220; use_hide_company=&#8220;on&#8220; use_hide_company_link=&#8220;on&#8220; use_hide_name=&#8220;on&#8220; review_length=&#8220;80&#8243; review_type=&#8220;on|off|off|off&#8220; use_show_popup_rating=&#8220;off&#8220; space_between=&#8220;5&#8243; container_padding=&#8220;0px|30px|0px|30px|false|false&#8220; loop=&#8220;on&#8220; autoplay=&#8220;on&#8220; autoplay_speed=&#8220;3000&#8243; navigation=&#8220;on&#8220; navigation_on_hover=&#8220;on&#8220; img_width=&#8220;70%&#8220; item_bg_color=&#8220;gcid-1543c0c0-fc66-45fc-859c-18eb6cdbc07b&#8220; _builder_version=&#8220;4.22.1&#8243; _module_preset=&#8220;default&#8220; testimonial_text_font=&#8220;||on||||||&#8220; testimonial_text_font_size=&#8220;12px&#8220; testimonial_text_line_height=&#8220;16px&#8220; background_color=&#8220;RGBA(255,255,255,0)&#8220; border_radii=&#8220;on|15px|15px|15px|15px&#8220; border_color_all=&#8220;#004E75&#8243; locked=&#8220;off&#8220; global_colors_info=&#8220;{%22gcid-1543c0c0-fc66-45fc-859c-18eb6cdbc07b%22:%91%22item_bg_color%22%93}&#8220;][\/dipi_testimonial][\/et_pb_column][\/et_pb_row][\/et_pb_section]<\/p>\n","protected":false},"excerpt":{"rendered":"<p>Rechtliche Voraussetzungen f\u00fcr die T\u00e4tigkeit als PharmaberaterIn Deutschland regelt das Arzneimittelgesetz (AMG), wer \u00c4rzte und andere Angeh\u00f6rige der medizinischen Fachkreise \u00fcber Arzneimittel beraten darf. In \u00a7 75 AMG sind die Berufe aufgef\u00fchrt, die die daf\u00fcr erforderliche \u201cSachkenntnis als Pharmaberater\u201c von Gesetzes wegen besitzen, d.h. mit einem dieser Berufe kann man ohne weitere Ausbildung als Pharmaberater [&hellip;]<\/p>\n","protected":false},"author":1,"featured_media":0,"parent":2436,"menu_order":10,"comment_status":"closed","ping_status":"closed","template":"","meta":{"_et_pb_use_builder":"on","_et_pb_old_content":"","_et_gb_content_width":"","slim_seo":{"title":"Rechtliche Voraussetzungen f\u00fcr die T\u00e4tigkeit als Pharmaberater - AMS Advanced Medical Services GmbH","description":"Rechtliche Voraussetzungen f\u00fcr die T\u00e4tigkeit als Pharmaberater In Deutschland regelt das Arzneimittelgesetz (AMG), wer \u00c4rzte und andere Angeh\u00f6rige der medizinis"},"footnotes":""},"dipi_cpt_category":[],"class_list":["post-5589","page","type-page","status-publish","hentry"],"_links":{"self":[{"href":"https:\/\/www.ams-europe.com\/de\/wp-json\/wp\/v2\/pages\/5589","targetHints":{"allow":["GET"]}}],"collection":[{"href":"https:\/\/www.ams-europe.com\/de\/wp-json\/wp\/v2\/pages"}],"about":[{"href":"https:\/\/www.ams-europe.com\/de\/wp-json\/wp\/v2\/types\/page"}],"author":[{"embeddable":true,"href":"https:\/\/www.ams-europe.com\/de\/wp-json\/wp\/v2\/users\/1"}],"replies":[{"embeddable":true,"href":"https:\/\/www.ams-europe.com\/de\/wp-json\/wp\/v2\/comments?post=5589"}],"version-history":[{"count":15,"href":"https:\/\/www.ams-europe.com\/de\/wp-json\/wp\/v2\/pages\/5589\/revisions"}],"predecessor-version":[{"id":9212,"href":"https:\/\/www.ams-europe.com\/de\/wp-json\/wp\/v2\/pages\/5589\/revisions\/9212"}],"up":[{"embeddable":true,"href":"https:\/\/www.ams-europe.com\/de\/wp-json\/wp\/v2\/pages\/2436"}],"wp:attachment":[{"href":"https:\/\/www.ams-europe.com\/de\/wp-json\/wp\/v2\/media?parent=5589"}],"wp:term":[{"taxonomy":"dipi_cpt_category","embeddable":true,"href":"https:\/\/www.ams-europe.com\/de\/wp-json\/wp\/v2\/dipi_cpt_category?post=5589"}],"curies":[{"name":"wp","href":"https:\/\/api.w.org\/{rel}","templated":true}]}}