{"id":5592,"date":"2024-03-19T15:20:09","date_gmt":"2024-03-19T14:20:09","guid":{"rendered":"https:\/\/homepage-v2\/services\/education-and-training\/berufsbild-pharmaberater-in\/"},"modified":"2025-05-28T13:34:16","modified_gmt":"2025-05-28T11:34:16","slug":"berufsbild-pharmaberater-in","status":"publish","type":"page","link":"https:\/\/www.ams-europe.com\/de\/services\/education-and-training\/berufsbild-pharmaberater-in\/","title":{"rendered":"Berufsbild Pharmaberater\/in"},"content":{"rendered":"<p>[et_pb_section fb_built=&#8220;1&#8243; _builder_version=&#8220;4.24.0&#8243; _module_preset=&#8220;b0033daa-587e-4df5-8923-84a88e7f878e&#8220; custom_padding=&#8220;0vw||3vw||false|false&#8220; da_disable_devices=&#8220;off|off|off&#8220; global_colors_info=&#8220;{}&#8220; da_is_popup=&#8220;off&#8220; da_exit_intent=&#8220;off&#8220; da_has_close=&#8220;on&#8220; da_alt_close=&#8220;off&#8220; da_dark_close=&#8220;off&#8220; da_not_modal=&#8220;on&#8220; da_is_singular=&#8220;off&#8220; da_with_loader=&#8220;off&#8220; da_has_shadow=&#8220;on&#8220;][et_pb_row _builder_version=&#8220;4.24.0&#8243; _module_preset=&#8220;6ce8c84c-f2b7-4462-b647-177b63d43c0e&#8220; global_colors_info=&#8220;{}&#8220;][et_pb_column type=&#8220;4_4&#8243; _builder_version=&#8220;4.24.0&#8243; _module_preset=&#8220;default&#8220; global_colors_info=&#8220;{}&#8220;][et_pb_text _builder_version=&#8220;4.24.0&#8243; _module_preset=&#8220;d5651242-e781-4e1c-b900-5b8fc65a80bf&#8220; header_2_font=&#8220;Rubik|500||on|||||&#8220; header_2_text_color=&#8220;#ff8f00&#8243; header_2_font_size=&#8220;14px&#8220; header_2_letter_spacing=&#8220;1px&#8220; header_2_line_height=&#8220;1.5em&#8220; header_3_font=&#8220;Rubik|500|||||||&#8220; header_3_font_size=&#8220;38px&#8220; header_3_line_height=&#8220;1.4em&#8220; header_2_font_size_tablet=&#8220;42px&#8220; header_2_font_size_phone=&#8220;32px&#8220; header_2_font_size_last_edited=&#8220;off|desktop&#8220; header_3_font_size_tablet=&#8220;28px&#8220; header_3_font_size_phone=&#8220;20px&#8220; locked=&#8220;off&#8220; global_colors_info=&#8220;{}&#8220;]<\/p>\n<h4><\/h4>\n<h1>Berufsbild Pharmaberater\/-in<\/h1>\n<p>[\/et_pb_text][\/et_pb_column][\/et_pb_row][et_pb_row _builder_version=&#8220;4.24.0&#8243; custom_margin=&#8220;|auto|0em|auto|false|false&#8220; custom_padding=&#8220;||||false|false&#8220; locked=&#8220;off&#8220; global_colors_info=&#8220;{}&#8220;][et_pb_column type=&#8220;4_4&#8243; _builder_version=&#8220;4.16&#8243; custom_padding=&#8220;|||&#8220; global_colors_info=&#8220;{}&#8220; custom_padding__hover=&#8220;|||&#8220;][et_pb_text _builder_version=&#8220;4.24.0&#8243; _module_preset=&#8220;d5651242-e781-4e1c-b900-5b8fc65a80bf&#8220; header_2_font=&#8220;Rubik|500||on|||||&#8220; header_2_text_color=&#8220;#ff8f00&#8243; header_2_font_size=&#8220;14px&#8220; header_2_letter_spacing=&#8220;1px&#8220; header_2_line_height=&#8220;1.5em&#8220; header_3_font=&#8220;Rubik|500|||||||&#8220; header_3_font_size=&#8220;38px&#8220; header_3_line_height=&#8220;1.4em&#8220; header_2_font_size_tablet=&#8220;42px&#8220; header_2_font_size_phone=&#8220;32px&#8220; header_2_font_size_last_edited=&#8220;off|desktop&#8220; header_3_font_size_tablet=&#8220;28px&#8220; header_3_font_size_phone=&#8220;20px&#8220; locked=&#8220;off&#8220; global_colors_info=&#8220;{}&#8220;]<\/p>\n<p><span> <\/span>Das Informieren von <span>\u00e4rztlichem und pharmazeutischen Fachpersonal <\/span> \u00fcber die Eigenschaften von Arzneimitteln ist eine wichtige Aufgabe der Arzneimittelhersteller. Pharmaberater\/-innen erf\u00fcllen dabei eine wichtige und verantwortungsvolle Funktion durch regelm\u00e4\u00dfige pers\u00f6nliche Kontakte zu \u00c4rzten\/\u00c4rztinnen und Apothekern\/-innen. Die regulatorischen Vorgaben des Heilmittelwerbegesetzes, des Arzneimittelgesetzes, des Gesetzes gegen den unlauteren Wettbewerb sowie die Rechtsprechung sichern die hohen Anforderungen an diese T\u00e4tigkeit. Sie sind im FSA\u2013Kodex f\u00fcr die Zusammenarbeit der pharmazeutischen Industrie mit den Angeh\u00f6rigen medizinischer Fachkreise zusammengefasst und erg\u00e4nzt worden.<\/p>\n<p>[\/et_pb_text][\/et_pb_column][\/et_pb_row][et_pb_row _builder_version=&#8220;4.24.0&#8243; _module_preset=&#8220;6ce8c84c-f2b7-4462-b647-177b63d43c0e&#8220; global_colors_info=&#8220;{}&#8220;][et_pb_column type=&#8220;4_4&#8243; _builder_version=&#8220;4.24.0&#8243; _module_preset=&#8220;default&#8220; global_colors_info=&#8220;{}&#8220;][et_pb_text _builder_version=&#8220;4.24.0&#8243; _module_preset=&#8220;d5651242-e781-4e1c-b900-5b8fc65a80bf&#8220; locked=&#8220;off&#8220; global_colors_info=&#8220;{}&#8220;]<\/p>\n<h3>Welche beruflichen Voraussetzungen muss ich erf\u00fcllen, um als Pharmaberater\/in t\u00e4tig sein zu d\u00fcrfen?<\/h3>\n<p>[\/et_pb_text][\/et_pb_column][\/et_pb_row][et_pb_row _builder_version=&#8220;4.24.0&#8243; _module_preset=&#8220;default&#8220; custom_margin=&#8220;||0px||false|false&#8220; custom_padding=&#8220;7px||0px|||&#8220; locked=&#8220;off&#8220; global_colors_info=&#8220;{}&#8220;][et_pb_column type=&#8220;4_4&#8243; _builder_version=&#8220;4.22.1&#8243; _module_preset=&#8220;default&#8220; global_colors_info=&#8220;{}&#8220;][et_pb_text _builder_version=&#8220;4.27.4&#8243; _module_preset=&#8220;d5651242-e781-4e1c-b900-5b8fc65a80bf&#8220; global_colors_info=&#8220;{}&#8220;]<\/p>\n<p>Die erforderlichen fachlichen Voraussetzungen sind in \u00a7 75 des Arzneimittelgesetzes (AMG) festgelegt. Sie orientieren sich an der sogenannten &#8222;<strong>Sachkenntnis<\/strong>&#8222;.<\/p>\n<p>[\/et_pb_text][\/et_pb_column][\/et_pb_row][et_pb_row column_structure=&#8220;1_2,1_2&#8243; _builder_version=&#8220;4.24.0&#8243; _module_preset=&#8220;default&#8220; custom_margin=&#8220;||0px||false|false&#8220; locked=&#8220;off&#8220; global_colors_info=&#8220;{}&#8220;][et_pb_column type=&#8220;1_2&#8243; _builder_version=&#8220;4.22.1&#8243; _module_preset=&#8220;default&#8220; global_colors_info=&#8220;{}&#8220;][et_pb_text _builder_version=&#8220;4.27.4&#8243; _module_preset=&#8220;d5651242-e781-4e1c-b900-5b8fc65a80bf&#8220; global_colors_info=&#8220;{}&#8220;]<\/p>\n<p>Die erforderliche Sachkenntnis wird nach dem AMG den <strong>nachfolgend aufgef\u00fchrten Berufabschl\u00fcssen unmittelbar zugeschrieben<\/strong>. Wenn Sie einen dieser Abschl\u00fcsse besitzen, k\u00f6nnen Sie ohne weitere Ausbildung als \u201ePharmaberater\/-in\u201d t\u00e4tig werden.<\/p>\n<p>Abgeschlossenes Hochschulstudium:<\/p>\n<ul>\n<li>Pharmazie<\/li>\n<li>Chemie<\/li>\n<li>Biologie<\/li>\n<li>Humanmedizin<\/li>\n<li>Veterin\u00e4rmedizin<\/li>\n<\/ul>\n<p><span>Abgeschlossene Ausbildung: <\/span><span>\u00a0\u00a0 <br \/><\/span><span>\u00a0\u00a0\u00a0<\/span><span><\/span><\/p>\n<ul>\n<li><span>Pharmazeutisch-technische Assistenz (PTA)<\/span><\/li>\n<li><span>Medizinisch-technische Assistenz (MTAF, MTLA, MTRA, VMTA)<\/span><\/li>\n<li><span>Biologisch-technische Assistenz (BTA)<\/span><\/li>\n<li><span> Chemisch-technische Assistenz (CTA)<\/span><\/li>\n<\/ul>\n<p>[\/et_pb_text][\/et_pb_column][et_pb_column type=&#8220;1_2&#8243; _builder_version=&#8220;4.24.0&#8243; _module_preset=&#8220;default&#8220; global_colors_info=&#8220;{}&#8220;][et_pb_text _builder_version=&#8220;4.27.4&#8243; _module_preset=&#8220;d5651242-e781-4e1c-b900-5b8fc65a80bf&#8220; global_colors_info=&#8220;{}&#8220;]<\/p>\n<p>Weitere Berufsabschl\u00fcsse k\u00f6nnen<strong> im<\/strong> <strong>Einzelfall von der zust\u00e4ndigen Beh\u00f6rde als sachkundig anerkannt werden<\/strong>, wenn sie mindestens einem der genannten Abschl\u00fcsse gleichwertig sind. Dazu geh\u00f6ren insbesondere:\u00a0<\/p>\n<ul>\n<li>Oecotrophologie<\/li>\n<li>Lebensmittelchemie<\/li>\n<li>Biochemie<\/li>\n<li>Veterin\u00e4ringenieurwesen<\/li>\n<li>Chemieingenieurwesen<\/li>\n<li>Lehreramt (Sekundarstufe II, Biologie und\/oder Chemie)<\/li>\n<li>Medizinp\u00e4dagogik<\/li>\n<\/ul>\n<p>Wenn Sie einem der letztgenannten Berufe angeh\u00f6ren und als Pharmaberater\/-in t\u00e4tig werden wollen, <strong>beantragen Sie vor Ihrer Bewerbung die \u201eAnerkennung der Sachkenntnis als Pharmaberater\/in nach \u00a7 75 Abs. 3 Arzneimittelgesetz (AMG)\u201d bei Ihrem zust\u00e4ndigen Regierungspr\u00e4sidium.<\/strong> In einzelnen Bundesl\u00e4ndern k\u00f6nnen auch andere Beh\u00f6rden f\u00fcr die Anerkennung zust\u00e4ndig sein. Erkundigen Sie sich am besten vorab bei Ihrem zust\u00e4ndigen Regierungspr\u00e4sidium oder Gesundheitssenat \u00fcber die Zust\u00e4ndigkeit in Ihrer Region. Die IHKs sind nicht zu einer rechtsverbindlichen Anerkennung befugt.<\/p>\n<p>[\/et_pb_text][\/et_pb_column][\/et_pb_row][et_pb_row _builder_version=&#8220;4.24.0&#8243; _module_preset=&#8220;default&#8220; custom_margin=&#8220;||0px||false|false&#8220; locked=&#8220;off&#8220; global_colors_info=&#8220;{}&#8220;][et_pb_column type=&#8220;4_4&#8243; _builder_version=&#8220;4.22.1&#8243; _module_preset=&#8220;default&#8220; global_colors_info=&#8220;{}&#8220;][et_pb_text _builder_version=&#8220;4.27.4&#8243; _module_preset=&#8220;d5651242-e781-4e1c-b900-5b8fc65a80bf&#8220; global_colors_info=&#8220;{}&#8220;]<\/p>\n<p>Wenn Sie <strong>keinem der bisher genannten Berufe angeh\u00f6ren, k\u00f6nnen Sie bei Vorliegen bestimmter beruflicher Voraussetzungen (siehe unten) eine Fortbildung als Bildungsma\u00dfnahme zur Vorbereitung auf die IHK-Pr\u00fcfung\u00a0 \u201eGepr\u00fcfter Pharmareferent\/Gepr\u00fcfte Pharmareferentin\u201d<\/strong> absolvieren. Eine solche Weiterbildung dauert in der Regel mehrere Monate und schlie\u00dft mit der anerkannten IHK-Pr\u00fcfung \u201cGepr\u00fcfter Pharmareferent\/Gepr\u00fcfte Pharmareferentin\u201d ab. Die bestandene IHK-Pr\u00fcfung berechtigt dann zur T\u00e4tigkeit als Pharmaberater\/-in.<\/p>\n<p>Die \u201eVerordnung \u00fcber die Pr\u00fcfung zum anerkannten Abschluss Gepr\u00fcfter Pharmareferent\/Gepr\u00fcfte Pharmareferentin\u201c vom 26. Juni 2007 regelt die <strong>Zulassungsvoraussetzungen<\/strong>.<\/p>\n<p>Zur Pr\u00fcfung ist zuzulassen, wer Folgendes <strong>nachweist<\/strong>:<\/p>\n<ol>\n<li>eine mit Erfolg abgelegte Abschlusspr\u00fcfung in einem anerkannten<\/li>\n<\/ol>\n<ul>\n<li><strong>medizinischen,<\/strong><\/li>\n<li><strong>naturwissenschaftlichen,<\/strong><\/li>\n<li><strong>heilberuflichen<\/strong> oder<\/li>\n<li><strong>kaufm\u00e4nnischen<\/strong> Ausbildungsberuf, der wesentliche Bez\u00fcge zu den Qualifikationsinhalten [\u2026 ] hat<\/li>\n<\/ul>\n<p>und <strong>danach eine mindestens zweij\u00e4hrige Berufspraxis<\/strong>*<\/p>\n<p>oder<\/p>\n<ol start=\"2\">\n<li>eine mindestens <strong>f\u00fcnfj\u00e4hrige Berufspraxis<\/strong> *<\/li>\n<\/ol>\n<p>sowie<\/p>\n<ol start=\"3\">\n<li><strong>die Teilnahme an einer Bildungsma\u00dfnahme [\u2026 ] zur Vorbereitung auf die Pr\u00fcfung<\/strong> \u2013 oder wer glaubhaft macht, entsprechende Kenntnisse [\u2026] auf andere Weise erworben zu haben.<\/li>\n<\/ol>\n<p>[\/et_pb_text][et_pb_text _builder_version=&#8220;4.27.4&#8243; _module_preset=&#8220;d5651242-e781-4e1c-b900-5b8fc65a80bf&#8220; hover_enabled=&#8220;0&#8243; global_colors_info=&#8220;{}&#8220; sticky_enabled=&#8220;0&#8243;]<\/p>\n<blockquote>\n<p>* Die Berufspraxis muss wesentliche Bez\u00fcge zu den Qualifikationsinhalten [\u2026] haben und kann auch im Handel oder Vertrieb erworben worden sein.<\/p>\n<\/blockquote>\n<p>Eine solche (unter Punkt 3 beschriebene) Bildungsma\u00dfnahme zur Vorbereitung auf die IHK-Pr\u00fcfung &#8222;Gepr\u00fcfter Pharmareferent\/Gepr\u00fcfte Pharmareferentin&#8220; k\u00f6nnen Sie bei AMS in der <a href=\"\/de\/services\/education-and-training\/\" target=\"_blank\" rel=\"noopener\">1.Internet-Pharmaschule (1.IPS)<\/a> absolvieren.<\/p>\n<p>Wenn Sie sich f\u00fcr unsere seit Jahren bew\u00e4hrte Online-Weiterbildung interessieren, lesen Sie bitte hier weiter: <a href=\"\/de\/services\/education-and-training\/1-ips-online-weiterbildung-zum-geprueften-pharmareferenten-zur-geprueften-pharmareferentin-ihk\/\" target=\"_blank\" rel=\"noopener\">Betreute Online-Weiterbildung zum Pharmaberater.<\/a><\/p>\n<p>F\u00fcr reine Selbstlerner, die auf eine pers\u00f6nliche Betreuung verzichten und damit Kosten sparen m\u00f6chten, empfehlen wir unseren \u201cSelbstlernkurs Pharmareferentenwissen\u201c, der die gleichen Lerninhalte wie der betreute Kurs bietet. Mehr dazu erfahren Sie hier: <a href=\"\/de\/services\/education-and-training\/1-ips-selbstlernkurs-pharmareferentenwissen\/\" target=\"_blank\" rel=\"noopener\">Kosteng\u00fcnstige\u00a0 Weiterbildung zum Pharmaberater im Selbststudium<\/a>.<\/p>\n<ul><\/ul>\n<p>[\/et_pb_text][\/et_pb_column][\/et_pb_row][et_pb_row _builder_version=&#8220;4.24.0&#8243; _module_preset=&#8220;default&#8220; global_colors_info=&#8220;{}&#8220;][et_pb_column type=&#8220;4_4&#8243; _builder_version=&#8220;4.24.0&#8243; _module_preset=&#8220;default&#8220; global_colors_info=&#8220;{}&#8220;][et_pb_text _builder_version=&#8220;4.24.0&#8243; _module_preset=&#8220;d5651242-e781-4e1c-b900-5b8fc65a80bf&#8220; global_colors_info=&#8220;{}&#8220;]<\/p>\n<h3>Welche pers\u00f6nlichen Voraussetzungen sollten Sie mitbringen, um als Pharmaberater erfolgreich zu sein?<\/h3>\n<p>[\/et_pb_text][et_pb_text _builder_version=&#8220;4.27.4&#8243; _module_preset=&#8220;d5651242-e781-4e1c-b900-5b8fc65a80bf&#8220; global_colors_info=&#8220;{}&#8220;]<\/p>\n<p>Eine wesentliche Eigenschaft erfolgreicher Pharmaberater\/-innen ist die F\u00e4higkeit, komplexe Zusammenh\u00e4nge anschaulich und f\u00fcr den Gespr\u00e4chspartner leicht verst\u00e4ndlich darzustellen. Pharmaberater\/-innen sind eine wichtige Informationsquelle f\u00fcr \u00c4rztinnen und \u00c4rzte und k\u00f6nnen so zu zus\u00e4tzlichen Therapieerfolgen beitragen. Darin liegt auch der hohe Wert der T\u00e4tigkeit f\u00fcr die Patientinnen und Patienten.<\/p>\n<p>Als Pharmaberater\/-in kl\u00e4ren Sie im Dialog mit dem jeweiligen \u00e4rztlichen Fachpersonal den Therapiebedarf. Die F\u00e4higkeit zuzuh\u00f6ren und sich in ihr Gegen\u00fcber hineinzuversetzen, zeichnet erfolgreiche Pharmaberater\/-innen aus.<\/p>\n<p>Um Ihre Arbeit in Ihrem Einsatzgebiet eigenverantwortlich zu planen, ben\u00f6tigen Sie Organisationstalent und ein Gesp\u00fcr f\u00fcr Effektivit\u00e4t, Wirtschaftlichkeit und Priorit\u00e4ten. Dar\u00fcber hinaus sollten Sie Eigeninitiative, Zielorientierung und Motivation mitbringen und sich auch von Schwierigkeiten nicht aus der Ruhe bringen lassen.<\/p>\n<p>[\/et_pb_text][\/et_pb_column][\/et_pb_row][et_pb_row _builder_version=&#8220;4.24.0&#8243; _module_preset=&#8220;default&#8220; global_colors_info=&#8220;{}&#8220;][et_pb_column type=&#8220;4_4&#8243; _builder_version=&#8220;4.24.0&#8243; _module_preset=&#8220;default&#8220; global_colors_info=&#8220;{}&#8220;][et_pb_text _builder_version=&#8220;4.24.0&#8243; _module_preset=&#8220;d5651242-e781-4e1c-b900-5b8fc65a80bf&#8220; global_colors_info=&#8220;{}&#8220;]<\/p>\n<h3>Wie werden Sie auf Ihren Berufseinstieg vorbereitet?<\/h3>\n<p>[\/et_pb_text][et_pb_text _builder_version=&#8220;4.24.0&#8243; _module_preset=&#8220;d5651242-e781-4e1c-b900-5b8fc65a80bf&#8220; global_colors_info=&#8220;{}&#8220;]<\/p>\n<p>Vor Ihrem ersten Praxiseinsatz werden Sie intensiv fachlich, kommunikativ und organisatorisch geschult und so auf Ihre neue Aufgabe vorbereitet. W\u00e4hrend Ihrer anschlie\u00dfenden T\u00e4tigkeit sorgen erfahrene Kolleginnen und Kollegen f\u00fcr Ihre Weiterentwicklung. <\/p>\n<p>[\/et_pb_text][\/et_pb_column][\/et_pb_row][et_pb_row _builder_version=&#8220;4.24.0&#8243; _module_preset=&#8220;default&#8220; global_colors_info=&#8220;{}&#8220;][et_pb_column type=&#8220;4_4&#8243; _builder_version=&#8220;4.24.0&#8243; _module_preset=&#8220;default&#8220; global_colors_info=&#8220;{}&#8220;][et_pb_text _builder_version=&#8220;4.24.0&#8243; _module_preset=&#8220;d5651242-e781-4e1c-b900-5b8fc65a80bf&#8220; global_colors_info=&#8220;{}&#8220;]<\/p>\n<h3>Ihre Entwicklungschancen als Pharmaberater\/-in<\/h3>\n<p>[\/et_pb_text][et_pb_text _builder_version=&#8220;4.27.4&#8243; _module_preset=&#8220;d5651242-e781-4e1c-b900-5b8fc65a80bf&#8220; global_colors_info=&#8220;{}&#8220;]<\/p>\n<p>Die erfolgreiche T\u00e4tigkeit als Pharmaberater\/-in bietet vielf\u00e4ltige berufliche Entwicklungsm\u00f6glichkeiten.<\/p>\n<p>Mit pers\u00f6nlichem Engagement, regelm\u00e4\u00dfiger Weiterbildung und hoher Identifikation mit Ihrer Aufgabe k\u00f6nnen Sie als Pharmaberater-\/in f\u00fcr Praxis oder Klinik Ihren \u201eMarktwert\u201d und Ihr Einkommen weit \u00fcberdurchschnittlich entwickeln. Ihr Erfolg wird honoriert.<\/p>\n<p>Aufstiegsm\u00f6glichkeiten bieten sich je nach individuellen St\u00e4rken und F\u00e4higkeiten, z.B. in der Mitarbeiterf\u00fchrung (Regionalleitung), im Marketing (Produktmanagement), im Verkaufstraining oder im medizinisch-wissenschaftlichen Bereich. \u00dcberdurchschnittlich viele Managementkarrieren beginnen im Vertrieb. Und in kaum einem anderen Bereich ergeben sich so h\u00e4ufig v\u00f6llig unerwartete Aufstiegschancen.<\/p>\n<p>[\/et_pb_text][\/et_pb_column][\/et_pb_row][et_pb_row _builder_version=&#8220;4.24.0&#8243; _module_preset=&#8220;default&#8220; global_colors_info=&#8220;{}&#8220;][et_pb_column type=&#8220;4_4&#8243; _builder_version=&#8220;4.24.0&#8243; _module_preset=&#8220;default&#8220; global_colors_info=&#8220;{}&#8220;][et_pb_text _builder_version=&#8220;4.24.0&#8243; _module_preset=&#8220;d5651242-e781-4e1c-b900-5b8fc65a80bf&#8220; global_colors_info=&#8220;{}&#8220;]<\/p>\n<h3>Fazit<\/h3>\n<p>[\/et_pb_text][et_pb_text _builder_version=&#8220;4.27.4&#8243; _module_preset=&#8220;d5651242-e781-4e1c-b900-5b8fc65a80bf&#8220; global_colors_info=&#8220;{}&#8220;]<\/p>\n<p>Der Beruf des Pharmaberaters\/der Pharmaberaterin er\u00f6ffnet Ihnen den Einstieg in eine ebenso abwechslungsreiche wie anspruchsvolle Zukunft. Spa\u00df an der Arbeit, Aufstiegschancen, leistungsgerechte Bezahlung und Raum zur pers\u00f6nlichen Entfaltung &#8211; welcher Beruf kann Ihnen das heute noch bieten?<\/p>\n<p>[\/et_pb_text][\/et_pb_column][\/et_pb_row][\/et_pb_section][et_pb_section fb_built=&#8220;1&#8243; admin_label=&#8220;References&#8220; module_id=&#8220;Erfolgsgeschichten&#8220; _builder_version=&#8220;4.24.0&#8243; _module_preset=&#8220;b0033daa-587e-4df5-8923-84a88e7f878e&#8220; background_color_gradient_stops=&#8220;gcid-cac6beee-0829-4b2e-8ce6-b78f64a8a6f9 0%|gcid-1543c0c0-fc66-45fc-859c-18eb6cdbc07b 100%&#8220; custom_padding=&#8220;||0vw||false|false&#8220; da_disable_devices=&#8220;off|off|off&#8220; saved_tabs=&#8220;all&#8220; locked=&#8220;off&#8220; global_colors_info=&#8220;{%22gcid-b3d81f63-a079-4cba-9baf-5de18b24c75c%22:%91%22background_color_gradient_stops%22%93,%22gcid-251f80c9-1c09-41b2-b627-a432583ed076%22:%91%22background_color_gradient_stops%22%93,%22gcid-80d13553-8301-4214-b254-781099ffdfd3%22:%91%22background_color_gradient_stops%22%93,%22gcid-1c4dbd18-4ae4-4498-8d72-ca1b158a6fa4%22:%91%22background_color_gradient_stops%22%93,%22gcid-cac6beee-0829-4b2e-8ce6-b78f64a8a6f9%22:%91%22background_color_gradient_stops%22%93,%22gcid-e8cc8422-b2ee-4f8d-8ffd-62678c3e072e%22:%91%22background_color_gradient_stops%22%93,%22gcid-49ae2954-2be5-4dc9-9e28-2cacbe6effc4%22:%91%22background_color_gradient_stops%22%93,%22gcid-1543c0c0-fc66-45fc-859c-18eb6cdbc07b%22:%91%22background_color_gradient_stops%22%93}&#8220; da_is_popup=&#8220;off&#8220; da_exit_intent=&#8220;off&#8220; da_has_close=&#8220;on&#8220; da_alt_close=&#8220;off&#8220; da_dark_close=&#8220;off&#8220; da_not_modal=&#8220;on&#8220; da_is_singular=&#8220;off&#8220; da_with_loader=&#8220;off&#8220; da_has_shadow=&#8220;on&#8220;][et_pb_row _builder_version=&#8220;4.16&#8243; custom_padding=&#8220;40px|||||&#8220; global_colors_info=&#8220;{}&#8220;][et_pb_column type=&#8220;4_4&#8243; _builder_version=&#8220;4.16&#8243; custom_padding=&#8220;|||&#8220; global_colors_info=&#8220;{}&#8220; custom_padding__hover=&#8220;|||&#8220;][et_pb_text _builder_version=&#8220;4.22.1&#8243; _module_preset=&#8220;d5651242-e781-4e1c-b900-5b8fc65a80bf&#8220; text_line_height=&#8220;2em&#8220; text_orientation=&#8220;center&#8220; max_width=&#8220;700px&#8220; module_alignment=&#8220;center&#8220; custom_margin=&#8220;||-14px|||&#8220; custom_padding=&#8220;0px|||1px||&#8220; locked=&#8220;off&#8220; global_colors_info=&#8220;{}&#8220;]<\/p>\n<h4 style=\"text-align: center;\"><\/h4>\n<h3 style=\"text-align: center;\">Referenzen<\/h3>\n<p>[\/et_pb_text][\/et_pb_column][\/et_pb_row][et_pb_row _builder_version=&#8220;4.22.1&#8243; _module_preset=&#8220;default&#8220; max_width=&#8220;1600px&#8220; custom_padding=&#8220;||100px|||&#8220; global_colors_info=&#8220;{}&#8220;][et_pb_column type=&#8220;4_4&#8243; _builder_version=&#8220;4.22.1&#8243; _module_preset=&#8220;default&#8220; global_colors_info=&#8220;{}&#8220;][dipi_testimonial use_hide_rating=&#8220;on&#8220; use_hide_readmore=&#8220;on&#8220; use_hide_company=&#8220;on&#8220; use_hide_company_link=&#8220;on&#8220; use_hide_name=&#8220;on&#8220; review_length=&#8220;80&#8243; review_type=&#8220;on|off|off|off&#8220; use_show_popup_rating=&#8220;off&#8220; space_between=&#8220;5&#8243; container_padding=&#8220;0px|30px|0px|30px|false|false&#8220; loop=&#8220;on&#8220; autoplay=&#8220;on&#8220; autoplay_speed=&#8220;3000&#8243; navigation=&#8220;on&#8220; navigation_on_hover=&#8220;on&#8220; img_width=&#8220;70%&#8220; item_bg_color=&#8220;gcid-1543c0c0-fc66-45fc-859c-18eb6cdbc07b&#8220; _builder_version=&#8220;4.22.1&#8243; _module_preset=&#8220;default&#8220; testimonial_text_font=&#8220;||on||||||&#8220; testimonial_text_font_size=&#8220;12px&#8220; testimonial_text_line_height=&#8220;16px&#8220; background_color=&#8220;RGBA(255,255,255,0)&#8220; border_radii=&#8220;on|15px|15px|15px|15px&#8220; border_color_all=&#8220;#004E75&#8243; locked=&#8220;off&#8220; global_colors_info=&#8220;{%22gcid-1543c0c0-fc66-45fc-859c-18eb6cdbc07b%22:%91%22item_bg_color%22%93}&#8220;][\/dipi_testimonial][\/et_pb_column][\/et_pb_row][\/et_pb_section]<\/p>\n","protected":false},"excerpt":{"rendered":"<p>Berufsbild Pharmaberater\/-in Das Informieren von \u00e4rztlichem und pharmazeutischen Fachpersonal \u00fcber die Eigenschaften von Arzneimitteln ist eine wichtige Aufgabe der Arzneimittelhersteller. Pharmaberater\/-innen erf\u00fcllen dabei eine wichtige und verantwortungsvolle Funktion durch regelm\u00e4\u00dfige pers\u00f6nliche Kontakte zu \u00c4rzten\/\u00c4rztinnen und Apothekern\/-innen. Die regulatorischen Vorgaben des Heilmittelwerbegesetzes, des Arzneimittelgesetzes, des Gesetzes gegen den unlauteren Wettbewerb sowie die Rechtsprechung sichern die hohen [&hellip;]<\/p>\n","protected":false},"author":1,"featured_media":0,"parent":2436,"menu_order":10,"comment_status":"closed","ping_status":"closed","template":"","meta":{"_et_pb_use_builder":"on","_et_pb_old_content":"","_et_gb_content_width":"","slim_seo":{"title":"Berufsbild Pharmaberater\/in - AMS Advanced Medical Services GmbH","description":"Berufsbild Pharmaberater\/-in Das Informieren von \u00e4rztlichem und pharmazeutischen Fachpersonal \u00fcber die Eigenschaften von Arzneimitteln ist eine wichtige Aufgabe"},"footnotes":""},"dipi_cpt_category":[],"class_list":["post-5592","page","type-page","status-publish","hentry"],"_links":{"self":[{"href":"https:\/\/www.ams-europe.com\/de\/wp-json\/wp\/v2\/pages\/5592","targetHints":{"allow":["GET"]}}],"collection":[{"href":"https:\/\/www.ams-europe.com\/de\/wp-json\/wp\/v2\/pages"}],"about":[{"href":"https:\/\/www.ams-europe.com\/de\/wp-json\/wp\/v2\/types\/page"}],"author":[{"embeddable":true,"href":"https:\/\/www.ams-europe.com\/de\/wp-json\/wp\/v2\/users\/1"}],"replies":[{"embeddable":true,"href":"https:\/\/www.ams-europe.com\/de\/wp-json\/wp\/v2\/comments?post=5592"}],"version-history":[{"count":33,"href":"https:\/\/www.ams-europe.com\/de\/wp-json\/wp\/v2\/pages\/5592\/revisions"}],"predecessor-version":[{"id":9645,"href":"https:\/\/www.ams-europe.com\/de\/wp-json\/wp\/v2\/pages\/5592\/revisions\/9645"}],"up":[{"embeddable":true,"href":"https:\/\/www.ams-europe.com\/de\/wp-json\/wp\/v2\/pages\/2436"}],"wp:attachment":[{"href":"https:\/\/www.ams-europe.com\/de\/wp-json\/wp\/v2\/media?parent=5592"}],"wp:term":[{"taxonomy":"dipi_cpt_category","embeddable":true,"href":"https:\/\/www.ams-europe.com\/de\/wp-json\/wp\/v2\/dipi_cpt_category?post=5592"}],"curies":[{"name":"wp","href":"https:\/\/api.w.org\/{rel}","templated":true}]}}