{"id":5595,"date":"2024-03-19T15:43:03","date_gmt":"2024-03-19T14:43:03","guid":{"rendered":"https:\/\/homepage-v2\/services\/education-and-training\/berufsbild-des-medical-science-liaison-manager-msl-mslm-medical-manager\/"},"modified":"2025-05-28T17:16:24","modified_gmt":"2025-05-28T15:16:24","slug":"berufsbild-des-medical-science-liaison-manager-msl-mslm-medical-manager","status":"publish","type":"page","link":"https:\/\/www.ams-europe.com\/de\/services\/education-and-training\/berufsbild-des-medical-science-liaison-manager-msl-mslm-medical-manager\/","title":{"rendered":"Berufsbild des Medical Science Liaison Manager: MSL, MSLM, Medical Manager"},"content":{"rendered":"<p>[et_pb_section fb_built=&#8220;1&#8243; _builder_version=&#8220;4.24.0&#8243; _module_preset=&#8220;b0033daa-587e-4df5-8923-84a88e7f878e&#8220; custom_padding=&#8220;0vw||3vw||false|false&#8220; da_disable_devices=&#8220;off|off|off&#8220; global_colors_info=&#8220;{}&#8220; da_is_popup=&#8220;off&#8220; da_exit_intent=&#8220;off&#8220; da_has_close=&#8220;on&#8220; da_alt_close=&#8220;off&#8220; da_dark_close=&#8220;off&#8220; da_not_modal=&#8220;on&#8220; da_is_singular=&#8220;off&#8220; da_with_loader=&#8220;off&#8220; da_has_shadow=&#8220;on&#8220;][et_pb_row _builder_version=&#8220;4.24.0&#8243; _module_preset=&#8220;6ce8c84c-f2b7-4462-b647-177b63d43c0e&#8220; global_colors_info=&#8220;{}&#8220;][et_pb_column type=&#8220;4_4&#8243; _builder_version=&#8220;4.24.0&#8243; _module_preset=&#8220;default&#8220; global_colors_info=&#8220;{}&#8220;][et_pb_text _builder_version=&#8220;4.24.0&#8243; _module_preset=&#8220;d5651242-e781-4e1c-b900-5b8fc65a80bf&#8220; header_2_font=&#8220;Rubik|500||on|||||&#8220; header_2_text_color=&#8220;#ff8f00&#8243; header_2_font_size=&#8220;14px&#8220; header_2_letter_spacing=&#8220;1px&#8220; header_2_line_height=&#8220;1.5em&#8220; header_3_font=&#8220;Rubik|500|||||||&#8220; header_3_font_size=&#8220;38px&#8220; header_3_line_height=&#8220;1.4em&#8220; header_2_font_size_tablet=&#8220;42px&#8220; header_2_font_size_phone=&#8220;32px&#8220; header_2_font_size_last_edited=&#8220;off|desktop&#8220; header_3_font_size_tablet=&#8220;28px&#8220; header_3_font_size_phone=&#8220;20px&#8220; locked=&#8220;off&#8220; global_colors_info=&#8220;{}&#8220;]<\/p>\n<h4>Was Sie wissen sollten<\/h4>\n<h1>Berufsbild des Medical Science Liaison Manager: MSL, MSLM, Medical Manager<\/h1>\n<p>[\/et_pb_text][\/et_pb_column][\/et_pb_row][et_pb_row _builder_version=&#8220;4.24.0&#8243; _module_preset=&#8220;6ce8c84c-f2b7-4462-b647-177b63d43c0e&#8220; global_colors_info=&#8220;{}&#8220;][et_pb_column type=&#8220;4_4&#8243; _builder_version=&#8220;4.24.0&#8243; _module_preset=&#8220;default&#8220; global_colors_info=&#8220;{}&#8220;][et_pb_text _builder_version=&#8220;4.24.0&#8243; _module_preset=&#8220;d5651242-e781-4e1c-b900-5b8fc65a80bf&#8220; locked=&#8220;off&#8220; global_colors_info=&#8220;{}&#8220;]<\/p>\n<h3>Was ist ein Medical Science Liaison Manager (MSL, MSLM, Medical Manager)?<\/h3>\n<p>[\/et_pb_text][et_pb_text _builder_version=&#8220;4.24.0&#8243; _module_preset=&#8220;d5651242-e781-4e1c-b900-5b8fc65a80bf&#8220; global_colors_info=&#8220;{}&#8220;]<\/p>\n<p>MSL \/ MSLM sind das informative Bindeglied auf medizinisch-wissenschaftlicher Ebene zwischen der pharmazeutischen Industrie, medizinischen Fachkreisen und \u00c4rzteverb\u00e4nden sowie zwischen den Unternehmensbereichen Klinische Forschung, Regulatory Affairs, Vertrieb und Marketing.<\/p>\n<p>[\/et_pb_text][\/et_pb_column][\/et_pb_row][et_pb_row _builder_version=&#8220;4.24.0&#8243; _module_preset=&#8220;6ce8c84c-f2b7-4462-b647-177b63d43c0e&#8220; global_colors_info=&#8220;{}&#8220;][et_pb_column type=&#8220;4_4&#8243; _builder_version=&#8220;4.24.0&#8243; _module_preset=&#8220;default&#8220; global_colors_info=&#8220;{}&#8220;][et_pb_text _builder_version=&#8220;4.24.0&#8243; _module_preset=&#8220;d5651242-e781-4e1c-b900-5b8fc65a80bf&#8220; locked=&#8220;off&#8220; global_colors_info=&#8220;{}&#8220;]<\/p>\n<h3>Was macht ein Medical Science Liaison Manager (MSL, MSLM, Medical Manager)?<\/h3>\n<p>[\/et_pb_text][et_pb_text _builder_version=&#8220;4.24.0&#8243; _module_preset=&#8220;d5651242-e781-4e1c-b900-5b8fc65a80bf&#8220; global_colors_info=&#8220;{}&#8220;]<\/p>\n<p>MSL \/ MSLM begleiten und unterst\u00fctzen die Arzneimittelentwicklung und -pr\u00fcfung im reflektierenden Austausch mit praktizierenden \u00c4rzten\/\u00c4rztinnen und medizinischen Fachgesellschaften. Dar\u00fcber hinaus bereiten sie medizinisch-wissenschaftliche Informationen auf und kommunizieren diese an Marketing und Vertrieb.<\/p>\n<p>[\/et_pb_text][\/et_pb_column][\/et_pb_row][et_pb_row _builder_version=&#8220;4.24.0&#8243; _module_preset=&#8220;6ce8c84c-f2b7-4462-b647-177b63d43c0e&#8220; global_colors_info=&#8220;{}&#8220;][et_pb_column type=&#8220;4_4&#8243; _builder_version=&#8220;4.24.0&#8243; _module_preset=&#8220;default&#8220; global_colors_info=&#8220;{}&#8220;][et_pb_text _builder_version=&#8220;4.24.0&#8243; _module_preset=&#8220;d5651242-e781-4e1c-b900-5b8fc65a80bf&#8220; locked=&#8220;off&#8220; global_colors_info=&#8220;{}&#8220;]<\/p>\n<h3>Wie wird man Medical Science Liaison Manager (MSL, MSLM, Medical Manager)?<\/h3>\n<p>[\/et_pb_text][et_pb_text _builder_version=&#8220;4.27.4&#8243; _module_preset=&#8220;d5651242-e781-4e1c-b900-5b8fc65a80bf&#8220; hover_enabled=&#8220;0&#8243; global_colors_info=&#8220;{}&#8220; sticky_enabled=&#8220;0&#8243;]<\/p>\n<p>Bisher gibt es keine vorgeschriebene Qualifikation oder Ausbildung f\u00fcr MSL \/ MSLM. Firmenintern k\u00f6nnen eigene Mitarbeiter aus der klinischen Forschung, der Zulassung, dem Marketing oder dem Vertrieb nach den individuellen Bed\u00fcrfnissen des Unternehmens weitergebildet werden. Es gibt aber auch unabh\u00e4ngige Weiterbildungsanbieter, die sich diesem Thema angenommen haben. Eine solche externe MSL- bzw. MSLM-Weiterbildung kann z.B. die Chancen auf eine MSL- bzw. MSLM-Position im eigenen oder in einem anderen Unternehmen erh\u00f6hen. Oder sie verhilft neu ernannten MSL \/ MSLM zu einer breiteren und fundierteren Wissensbasis, insbesondere bei der Einarbeitung on-the-job.<\/p>\n<p>Die AMS Advanced Medical Services GmbH f\u00fchrt nicht nur selbst klinische Studien, Marketing und Vertrieb im Auftrag ihrer Kunden aus der Pharmaindustrie durch, sondern ist auch ein solcher Weiterbildungsanbieter. Die <a href=\"\/de\/services\/education-and-training\/1-ips-online-weiterbildung-medical-science-liaison-manager-msl-mslm\/\" target=\"_blank\" rel=\"noopener\">Online-Weiterbildung zum Medical Science Liaison Manager <\/a>(MSL, MSLM) ist ein Selbstlernkurs, der individuell bei freier Zeiteinteilung in Vollzeit oder berufsbegleitend absolviert werden kann. Die Inhalte unserer Online-Weiterbildung spiegeln nicht nur unser eigenes Know-how \u00fcber die Anforderungen der T\u00e4tigkeit wider, sondern basieren auch auf dem Ergebnis der Auswertung von Anforderungs- und Aufgabenbeschreibungen zahlreicher Stellenausschreibungen f\u00fcr MSL \/ MSLM.<\/p>\n<p>Insofern entsprechen die Lehrinhalte der Online-Weiterbildung Medical Science Liaison Manager (MSL, MSLM) in besonderem Ma\u00dfe den Anforderungen des Marktes an dieses Berufsbild.<\/p>\n<p>[\/et_pb_text][\/et_pb_column][\/et_pb_row][et_pb_row _builder_version=&#8220;4.24.0&#8243; _module_preset=&#8220;default&#8220; global_colors_info=&#8220;{}&#8220;][et_pb_column type=&#8220;4_4&#8243; _builder_version=&#8220;4.24.0&#8243; _module_preset=&#8220;default&#8220; global_colors_info=&#8220;{}&#8220;][et_pb_text _builder_version=&#8220;4.24.0&#8243; _module_preset=&#8220;d5651242-e781-4e1c-b900-5b8fc65a80bf&#8220; global_colors_info=&#8220;{}&#8220;]<\/p>\n<h3>Was verdient ein Medical Science Liaison Manager (MSL, MSLM, Medical Manager)?<\/h3>\n<p>[\/et_pb_text][et_pb_text _builder_version=&#8220;4.24.0&#8243; _module_preset=&#8220;d5651242-e781-4e1c-b900-5b8fc65a80bf&#8220; global_colors_info=&#8220;{}&#8220;]<\/p>\n<p>Es gibt keine festen Tarife f\u00fcr MSL \/ MSLM. Je nach interner Gehaltsstruktur des jeweiligen Unternehmens, je nach Angebot und Nachfrage nach solchen Positionen und Profilen auf dem Bewerbermarkt, je nach Umfang der bereits vorhandenen Berufserfahrung und je nachdem, ob bereits eine Weiterbildung zum MSL \/ MSLM absolviert wurde, k\u00f6nnen die Geh\u00e4lter variieren. Mit einiger Sicherheit l\u00e4sst sich jedoch sagen, dass sie in der Regel \u00fcber denen der in der Regel gut bezahlten Vertriebsmitarbeiter\/-innen im Pharmaau\u00dfendienst liegen. Informieren Sie sich am besten auf Gehaltsinformationsseiten wie gehalt.de, glassdoor.de oder den gro\u00dfen Jobb\u00f6rsen \u00fcber den aktuellen Stand. Bedenken Sie aber auch, dass es im Einzelfall etwas anders aussehen kann &#8211; nach oben oder nach unten. Durchschnittswerte sind eben nur Durchschnittswerte und daher nicht 1:1 auf jeden Einzelfall \u00fcbertragbar.<\/p>\n<p>[\/et_pb_text][\/et_pb_column][\/et_pb_row][et_pb_row _builder_version=&#8220;4.24.0&#8243; _module_preset=&#8220;default&#8220; global_colors_info=&#8220;{}&#8220;][et_pb_column type=&#8220;4_4&#8243; _builder_version=&#8220;4.24.0&#8243; _module_preset=&#8220;default&#8220; global_colors_info=&#8220;{}&#8220;][et_pb_text _builder_version=&#8220;4.24.0&#8243; _module_preset=&#8220;d5651242-e781-4e1c-b900-5b8fc65a80bf&#8220; global_colors_info=&#8220;{}&#8220;]<\/p>\n<h3>Welche Voraussetzungen gibt es f\u00fcr Medical Science Liaison Manager (MSL, MSLM, Medical Manager)?<\/h3>\n<p>[\/et_pb_text][et_pb_text _builder_version=&#8220;4.27.4&#8243; _module_preset=&#8220;d5651242-e781-4e1c-b900-5b8fc65a80bf&#8220; hover_enabled=&#8220;0&#8243; global_colors_info=&#8220;{}&#8220; sticky_enabled=&#8220;0&#8243;]<\/p>\n<p>Bisher gibt es keine vorgeschriebene Qualifikation oder Ausbildung f\u00fcr MSL \/ MSLM.<\/p>\n<p>Abgesehen von m\u00f6glichen Weiterbildungen zum MSL \/ MSLM, wie unserer <a href=\"\/de\/services\/education-and-training\/1-ips-online-weiterbildung-medical-science-liaison-manager-msl-mslm\/\" target=\"_blank\" rel=\"noopener\" title=\"Online-Weiterbildung zum Medical Science Liaison Manager\">Online-Weiterbildung zum Medical Science Liaison Manager<\/a>, werden in der Regel erwartet:<\/p>\n<ul>\n<li>Ein abgeschlossenes Hochschulstudium, meist Naturwissenschaften, Medizin oder Betriebswirtschaft, letzteres mit Schwerpunkt Marketing und Vertrieb<\/li>\n<li>und\/oder Erfahrungen im Pharmaau\u00dfendienst \/ Klinikau\u00dfendienst, in der Klinischen Forschung (Clinical Monitor) oder als MSL \/ MSLM<\/li>\n<li>Gute medizinische, pharmazeutische und pharmakologische Grundkenntnisse<\/li>\n<li>Gute Kenntnisse des Pharmamarktes und des Pharmamarketings Kenntnisse<\/li>\n<li>Erfahrungen im Qualit\u00e4ts- und Projektmanagement<\/li>\n<li>F\u00e4higkeit zum Beziehungsmanagement und Networking<\/li>\n<li>Gute EDV-Kenntnisse<\/li>\n<li>Sehr gute Kommunikations- und Pr\u00e4sentationsf\u00e4higkeiten<\/li>\n<li>Sehr gute Deutsch- und Englischkenntnisse<\/li>\n<li>Gutes Selbstmanagement<\/li>\n<li>Eigenverantwortliches und selbst\u00e4ndiges Arbeiten<\/li>\n<li>Hohe Reisebereitschaft<\/li>\n<\/ul>\n<p>Bitte beachten Sie, dass es auch hier unternehmensspezifische Unterschiede geben kann.<\/p>\n<p>[\/et_pb_text][\/et_pb_column][\/et_pb_row][et_pb_row _builder_version=&#8220;4.24.0&#8243; _module_preset=&#8220;default&#8220; hover_enabled=&#8220;0&#8243; global_colors_info=&#8220;{}&#8220; sticky_enabled=&#8220;0&#8243;][et_pb_column type=&#8220;4_4&#8243; _builder_version=&#8220;4.24.0&#8243; _module_preset=&#8220;default&#8220; global_colors_info=&#8220;{}&#8220;][et_pb_text _builder_version=&#8220;4.24.0&#8243; _module_preset=&#8220;d5651242-e781-4e1c-b900-5b8fc65a80bf&#8220; global_colors_info=&#8220;{}&#8220;]<\/p>\n<h3>Gibt es eine Weiterbildung zum Medical Science Liaison Manager (MSL, MSLM, Medical Manager)?<\/h3>\n<p>[\/et_pb_text][et_pb_text _builder_version=&#8220;4.27.4&#8243; _module_preset=&#8220;d5651242-e781-4e1c-b900-5b8fc65a80bf&#8220; hover_enabled=&#8220;0&#8243; global_colors_info=&#8220;{}&#8220; sticky_enabled=&#8220;0&#8243;]<\/p>\n<p>Ja, diese gibt es auch hier bei der AMS Advanced Medical Services GmbH. Sie wird \u00fcber unseren Gesch\u00e4ftsbereich \u201e1. Internet-Pharmaschule\u201c als webbasierter Selbstlernkurs angeboten: <a href=\"\/de\/services\/education-and-training\/1-ips-online-weiterbildung-medical-science-liaison-manager-msl-mslm\/\" target=\"_blank\" rel=\"noopener\">Online-Weiterbildung Medical Science Liaison Manager (MSL\/MSLM)<\/a><\/p>\n<p>[\/et_pb_text][\/et_pb_column][\/et_pb_row][\/et_pb_section][et_pb_section fb_built=&#8220;1&#8243; admin_label=&#8220;References&#8220; module_id=&#8220;Erfolgsgeschichten&#8220; _builder_version=&#8220;4.24.0&#8243; _module_preset=&#8220;b0033daa-587e-4df5-8923-84a88e7f878e&#8220; background_color_gradient_stops=&#8220;gcid-cac6beee-0829-4b2e-8ce6-b78f64a8a6f9 0%|gcid-1543c0c0-fc66-45fc-859c-18eb6cdbc07b 100%&#8220; custom_padding=&#8220;||0vw||false|false&#8220; da_disable_devices=&#8220;off|off|off&#8220; saved_tabs=&#8220;all&#8220; locked=&#8220;off&#8220; global_colors_info=&#8220;{%22gcid-b3d81f63-a079-4cba-9baf-5de18b24c75c%22:%91%22background_color_gradient_stops%22%93,%22gcid-251f80c9-1c09-41b2-b627-a432583ed076%22:%91%22background_color_gradient_stops%22%93,%22gcid-80d13553-8301-4214-b254-781099ffdfd3%22:%91%22background_color_gradient_stops%22%93,%22gcid-1c4dbd18-4ae4-4498-8d72-ca1b158a6fa4%22:%91%22background_color_gradient_stops%22%93,%22gcid-cac6beee-0829-4b2e-8ce6-b78f64a8a6f9%22:%91%22background_color_gradient_stops%22%93,%22gcid-e8cc8422-b2ee-4f8d-8ffd-62678c3e072e%22:%91%22background_color_gradient_stops%22%93,%22gcid-49ae2954-2be5-4dc9-9e28-2cacbe6effc4%22:%91%22background_color_gradient_stops%22%93,%22gcid-1543c0c0-fc66-45fc-859c-18eb6cdbc07b%22:%91%22background_color_gradient_stops%22%93}&#8220; da_is_popup=&#8220;off&#8220; da_exit_intent=&#8220;off&#8220; da_has_close=&#8220;on&#8220; da_alt_close=&#8220;off&#8220; da_dark_close=&#8220;off&#8220; da_not_modal=&#8220;on&#8220; da_is_singular=&#8220;off&#8220; da_with_loader=&#8220;off&#8220; da_has_shadow=&#8220;on&#8220;][et_pb_row _builder_version=&#8220;4.16&#8243; custom_padding=&#8220;40px|||||&#8220; global_colors_info=&#8220;{}&#8220;][et_pb_column type=&#8220;4_4&#8243; _builder_version=&#8220;4.16&#8243; custom_padding=&#8220;|||&#8220; global_colors_info=&#8220;{}&#8220; custom_padding__hover=&#8220;|||&#8220;][et_pb_text _builder_version=&#8220;4.22.1&#8243; _module_preset=&#8220;d5651242-e781-4e1c-b900-5b8fc65a80bf&#8220; text_line_height=&#8220;2em&#8220; text_orientation=&#8220;center&#8220; max_width=&#8220;700px&#8220; module_alignment=&#8220;center&#8220; custom_margin=&#8220;||-14px|||&#8220; custom_padding=&#8220;0px|||1px||&#8220; locked=&#8220;off&#8220; global_colors_info=&#8220;{}&#8220;]<\/p>\n<h4 style=\"text-align: center;\"><\/h4>\n<h3 style=\"text-align: center;\">Referenzen<\/h3>\n<p>[\/et_pb_text][\/et_pb_column][\/et_pb_row][et_pb_row _builder_version=&#8220;4.22.1&#8243; _module_preset=&#8220;default&#8220; max_width=&#8220;1600px&#8220; custom_padding=&#8220;||100px|||&#8220; global_colors_info=&#8220;{}&#8220;][et_pb_column type=&#8220;4_4&#8243; _builder_version=&#8220;4.22.1&#8243; _module_preset=&#8220;default&#8220; global_colors_info=&#8220;{}&#8220;][dipi_testimonial use_hide_rating=&#8220;on&#8220; use_hide_readmore=&#8220;on&#8220; use_hide_company=&#8220;on&#8220; use_hide_company_link=&#8220;on&#8220; use_hide_name=&#8220;on&#8220; review_length=&#8220;80&#8243; review_type=&#8220;on|off|off|off&#8220; use_show_popup_rating=&#8220;off&#8220; space_between=&#8220;5&#8243; container_padding=&#8220;0px|30px|0px|30px|false|false&#8220; loop=&#8220;on&#8220; autoplay=&#8220;on&#8220; autoplay_speed=&#8220;3000&#8243; navigation=&#8220;on&#8220; navigation_on_hover=&#8220;on&#8220; img_width=&#8220;70%&#8220; item_bg_color=&#8220;gcid-1543c0c0-fc66-45fc-859c-18eb6cdbc07b&#8220; _builder_version=&#8220;4.22.1&#8243; _module_preset=&#8220;default&#8220; testimonial_text_font=&#8220;||on||||||&#8220; testimonial_text_font_size=&#8220;12px&#8220; testimonial_text_line_height=&#8220;16px&#8220; background_color=&#8220;RGBA(255,255,255,0)&#8220; border_radii=&#8220;on|15px|15px|15px|15px&#8220; border_color_all=&#8220;#004E75&#8243; locked=&#8220;off&#8220; global_colors_info=&#8220;{%22gcid-1543c0c0-fc66-45fc-859c-18eb6cdbc07b%22:%91%22item_bg_color%22%93}&#8220;][\/dipi_testimonial][\/et_pb_column][\/et_pb_row][\/et_pb_section]<\/p>\n","protected":false},"excerpt":{"rendered":"<p>Was Sie wissen sollten Berufsbild des Medical Science Liaison Manager: MSL, MSLM, Medical ManagerWas ist ein Medical Science Liaison Manager (MSL, MSLM, Medical Manager)?MSL \/ MSLM sind das informative Bindeglied auf medizinisch-wissenschaftlicher Ebene zwischen der pharmazeutischen Industrie, medizinischen Fachkreisen und \u00c4rzteverb\u00e4nden sowie zwischen den Unternehmensbereichen Klinische Forschung, Regulatory Affairs, Vertrieb und Marketing.Was macht ein Medical [&hellip;]<\/p>\n","protected":false},"author":1,"featured_media":0,"parent":2436,"menu_order":10,"comment_status":"closed","ping_status":"closed","template":"","meta":{"_et_pb_use_builder":"on","_et_pb_old_content":"","_et_gb_content_width":"","slim_seo":{"title":"Berufsbild des Medical Science Liaison Manager: MSL, MSLM, Medical Manager - AMS Advanced Medical Services GmbH","description":"Was Sie wissen sollten Berufsbild des Medical Science Liaison Manager: MSL, MSLM, Medical Manager Was ist ein Medical Science Liaison Manager (MSL, MSLM, Medica"},"footnotes":""},"dipi_cpt_category":[],"class_list":["post-5595","page","type-page","status-publish","hentry"],"_links":{"self":[{"href":"https:\/\/www.ams-europe.com\/de\/wp-json\/wp\/v2\/pages\/5595","targetHints":{"allow":["GET"]}}],"collection":[{"href":"https:\/\/www.ams-europe.com\/de\/wp-json\/wp\/v2\/pages"}],"about":[{"href":"https:\/\/www.ams-europe.com\/de\/wp-json\/wp\/v2\/types\/page"}],"author":[{"embeddable":true,"href":"https:\/\/www.ams-europe.com\/de\/wp-json\/wp\/v2\/users\/1"}],"replies":[{"embeddable":true,"href":"https:\/\/www.ams-europe.com\/de\/wp-json\/wp\/v2\/comments?post=5595"}],"version-history":[{"count":18,"href":"https:\/\/www.ams-europe.com\/de\/wp-json\/wp\/v2\/pages\/5595\/revisions"}],"predecessor-version":[{"id":9705,"href":"https:\/\/www.ams-europe.com\/de\/wp-json\/wp\/v2\/pages\/5595\/revisions\/9705"}],"up":[{"embeddable":true,"href":"https:\/\/www.ams-europe.com\/de\/wp-json\/wp\/v2\/pages\/2436"}],"wp:attachment":[{"href":"https:\/\/www.ams-europe.com\/de\/wp-json\/wp\/v2\/media?parent=5595"}],"wp:term":[{"taxonomy":"dipi_cpt_category","embeddable":true,"href":"https:\/\/www.ams-europe.com\/de\/wp-json\/wp\/v2\/dipi_cpt_category?post=5595"}],"curies":[{"name":"wp","href":"https:\/\/api.w.org\/{rel}","templated":true}]}}