{"id":7080,"date":"2024-12-11T12:38:57","date_gmt":"2024-12-11T11:38:57","guid":{"rendered":"https:\/\/homepage-v2\/marketing-und-vertrieb\/"},"modified":"2025-07-01T12:41:41","modified_gmt":"2025-07-01T10:41:41","slug":"marketing-and-sales","status":"publish","type":"page","link":"https:\/\/www.ams-europe.com\/de\/services\/marketing-and-sales\/","title":{"rendered":"Marketing &amp; Sales"},"content":{"rendered":"<p>[et_pb_section fb_built=&#8220;1&#8243; admin_label=&#8220;Intro&#8220; _builder_version=&#8220;4.24.0&#8243; _module_preset=&#8220;b0033daa-587e-4df5-8923-84a88e7f878e&#8220; custom_padding=&#8220;0vw||3vw||false|false&#8220; da_disable_devices=&#8220;off|off|off&#8220; locked=&#8220;off&#8220; global_colors_info=&#8220;{}&#8220; da_is_popup=&#8220;off&#8220; da_exit_intent=&#8220;off&#8220; da_has_close=&#8220;on&#8220; da_alt_close=&#8220;off&#8220; da_dark_close=&#8220;off&#8220; da_not_modal=&#8220;on&#8220; da_is_singular=&#8220;off&#8220; da_with_loader=&#8220;off&#8220; da_has_shadow=&#8220;on&#8220;][et_pb_row column_structure=&#8220;2_3,1_3&#8243; _builder_version=&#8220;4.24.0&#8243; custom_padding=&#8220;||||false|false&#8220; locked=&#8220;off&#8220; global_colors_info=&#8220;{}&#8220;][et_pb_column type=&#8220;2_3&#8243; _builder_version=&#8220;4.16&#8243; custom_padding=&#8220;|||&#8220; global_colors_info=&#8220;{}&#8220; custom_padding__hover=&#8220;|||&#8220;][et_pb_text _builder_version=&#8220;4.27.3&#8243; _module_preset=&#8220;d5651242-e781-4e1c-b900-5b8fc65a80bf&#8220; text_line_height=&#8220;2em&#8220; header_2_font=&#8220;Rubik|500||on|||||&#8220; header_2_text_color=&#8220;#ff8f00&#8243; header_2_font_size=&#8220;14px&#8220; header_2_letter_spacing=&#8220;1px&#8220; header_2_line_height=&#8220;1.5em&#8220; header_3_font=&#8220;Rubik|500|||||||&#8220; header_3_font_size=&#8220;38px&#8220; header_3_line_height=&#8220;1.4em&#8220; custom_padding=&#8220;||0px|1px||&#8220; header_2_font_size_tablet=&#8220;42px&#8220; header_2_font_size_phone=&#8220;32px&#8220; header_2_font_size_last_edited=&#8220;off|desktop&#8220; header_3_font_size_tablet=&#8220;28px&#8220; header_3_font_size_phone=&#8220;20px&#8220; locked=&#8220;off&#8220; global_colors_info=&#8220;{}&#8220;]<\/p>\n<h1>Marketing &amp; Sales<\/h1>\n<p><strong><em>AMS<\/em><\/strong> unterst\u00fctzt seit mehr als 25 Jahren erfolgreich Pharma- und Healthcare-Firmen bei der Vermarktung ihrer Pr\u00e4parate einschlie\u00dflich der Rekrutierung von Fach- und F\u00fchrungskr\u00e4ften.<\/p>\n<p>Als moderner, serviceorientierter Dienstleister f\u00fcr Unternehmen der Pharmaindustrie und des Gesundheitswesens sind uns Teamwork, Kompetenz und Flexibilit\u00e4t besonders wichtig. Auf dieser Basis helfen wir unseren Kunden, deren Unternehmenserfolg zu gestalten.<\/p>\n<p>Erfahrene Projektleitende begleiten Sie w\u00e4hrend des gesamten Projektverlaufs. Wir stellen uns optimal auf Ihre Belange ein und bieten Ihnen jederzeit ma\u00dfgeschneiderte L\u00f6sungen. Unser Teamgeist und unsere vernetzte Kommunikation garantieren kurze Wege f\u00fcr effiziente und nachhaltige L\u00f6sungen.<\/p>\n<p>Wir leben nachhaltige Partnerschaften mit unseren Kunden. Deshalb sind ihre Erfolge auch unsere Erfolge.<\/p>\n<p><strong>&#8211; Ihre Ziele sind bei <em>AMS <\/em>in den besten H\u00e4nden &#8211;<\/strong><\/p>\n<p>[\/et_pb_text][dipi_balloon selector=&#8220;.ams-serviceexpert-panel&#8220; ballon_placement=&#8220;left&#8220; ballon_animation=&#8220;fadeInLeft&#8220; balloon_image_width=&#8220;200px&#8220; balloon_title=&#8220;Iradj M.-Fazelly&#8220; balloon_description=&#8220;<\/p>\n<p><em>Advisor Marketing &#038; Sales<\/em><\/p>\n<p>Mit \u00fcber 40 Jahren Erfahrung in Vertrieb, Marketing und Unternehmensf\u00fchrung in verschiedenen Branchen verf\u00fcgt Iradj Mehdi-Fazelly \u00fcber tiefgehendes Fachwissen insbesondere im Pharmabereich.<\/p>\n<p>Als ehemaliger Sales Director bei Johnson &#038; Johnson und Leiter mehrerer Verkaufs- und Marketingabteilungen hat er erfolgreich Wachstumsstrategien entwickelt und umgesetzt.<\/p>\n<p>Seit 2012 unterst\u00fctzt er als Unternehmensberater Firmen dabei, nachhaltige und gewinnbringende Marketing- und Sales-Strategien zu realisieren.<\/p>\n<p>&#8220; disabled_on=&#8220;on|on|off&#8220; module_class=&#8220;ams-serviceexpert-ballon &#8220; _builder_version=&#8220;4.27.4&#8243; _module_preset=&#8220;default&#8220; balloon_title_text_color=&#8220;gcid-1543c0c0-fc66-45fc-859c-18eb6cdbc07b&#8220; balloon_description_text_color=&#8220;gcid-1543c0c0-fc66-45fc-859c-18eb6cdbc07b&#8220; use_background_color_gradient=&#8220;on&#8220; background_color_gradient_direction=&#8220;90deg&#8220; background_color_gradient_stops=&#8220;#3c82a8 0%|#004e75 100%&#8220; custom_padding=&#8220;4em||5em||false|false&#8220; border_radii=&#8220;on|1em|1em|1em|1em&#8220; border_radii_balloon_img=&#8220;on|1em|1em|1em|1em&#8220; border_color_all_balloon_img=&#8220;RGBA(255,255,255,0)&#8220; locked=&#8220;off&#8220; global_colors_info=&#8220;{%22gcid-1543c0c0-fc66-45fc-859c-18eb6cdbc07b%22:%91%22balloon_title_text_color%22,%22balloon_description_text_color%22%93}&#8220;][\/dipi_balloon][\/et_pb_column][et_pb_column type=&#8220;1_3&#8243; module_class=&#8220;ams-serviceexpert-panel&#8220; _builder_version=&#8220;4.16&#8243; background_color=&#8220;#004E75&#8243; use_background_color_gradient=&#8220;on&#8220; background_color_gradient_direction=&#8220;270deg&#8220; background_color_gradient_stops=&#8220;gcid-80d13553-8301-4214-b254-781099ffdfd3 0%|#004e75 98%&#8220; background_enable_image=&#8220;off&#8220; background_position=&#8220;bottom_right&#8220; background_horizontal_offset=&#8220;50%&#8220; background_vertical_offset=&#8220;50%&#8220; custom_padding=&#8220;2em|2em|2em|2em|false|false&#8220; border_radii=&#8220;on|20px|20px|20px|20px&#8220; box_shadow_style=&#8220;preset3&#8243; global_colors_info=&#8220;{%22gcid-80d13553-8301-4214-b254-781099ffdfd3%22:%91%22background_color_gradient_stops%22%93}&#8220; custom_padding__hover=&#8220;|||&#8220;][et_pb_text admin_label=&#8220;Expert &#8211; Text&#8220; _builder_version=&#8220;4.27.4&#8243; _module_preset=&#8220;cd2ad163-c93f-44f6-b7d8-dd85780abf76&#8243; locked=&#8220;off&#8220; global_colors_info=&#8220;{}&#8220;]<\/p>\n<p style=\"text-align: center;\">Unser Ansprechpartner<\/p>\n<p>[\/et_pb_text][et_pb_team_member name=&#8220;Iradj M.-Fazelly&#8220; position=&#8220;Advisor Marketing &#038; Sales&#8220; image_url=&#8220;\/wp-content\/uploads\/2025\/02\/fazelly-iradj.jpg&#8220; admin_label=&#8220;Expert &#8211; Pic&#8220; _builder_version=&#8220;4.27.4&#8243; _module_preset=&#8220;35d45859-5b60-4988-b801-bf878a115189&#8243; header_font=&#8220;|600|||||||&#8220; header_text_color=&#8220;gcid-1543c0c0-fc66-45fc-859c-18eb6cdbc07b&#8220; header_font_size=&#8220;23px&#8220; body_text_color=&#8220;#C9EEFB&#8220; position_text_align=&#8220;center&#8220; position_text_color=&#8220;gcid-1543c0c0-fc66-45fc-859c-18eb6cdbc07b&#8220; background_enable_color=&#8220;off&#8220; module_alignment=&#8220;left&#8220; custom_padding=&#8220;1em|1em|4px|1em|false|false&#8220; border_radii_image=&#8220;on|1em|1em|1em|1em&#8220; box_shadow_color_image=&#8220;gcid-b3d81f63-a079-4cba-9baf-5de18b24c75c&#8220; locked=&#8220;off&#8220; global_colors_info=&#8220;{%22gcid-1543c0c0-fc66-45fc-859c-18eb6cdbc07b%22:%91%22header_text_color%22,%22position_text_color%22%93,%22gcid-b3d81f63-a079-4cba-9baf-5de18b24c75c%22:%91%22box_shadow_color_image%22%93}&#8220;][\/et_pb_team_member][et_pb_button button_url=&#8220;mailto:mus@ams-europe.com&#8220; button_text=&#8220;Kontakt&#8220; button_alignment=&#8220;center&#8220; admin_label=&#8220;Expert &#8211; Button&#8220; _builder_version=&#8220;4.27.4&#8243; _module_preset=&#8220;0e1d5a6d-a26b-4e21-bc28-4d0ec17e6acc&#8220; locked=&#8220;off&#8220; global_colors_info=&#8220;{}&#8220;][\/et_pb_button][\/et_pb_column][\/et_pb_row][et_pb_row column_structure=&#8220;3_5,2_5&#8243; _builder_version=&#8220;4.24.0&#8243; _module_preset=&#8220;default&#8220; custom_margin=&#8220;||0px||false|false&#8220; locked=&#8220;off&#8220; global_colors_info=&#8220;{}&#8220;][et_pb_column type=&#8220;3_5&#8243; _builder_version=&#8220;4.22.1&#8243; _module_preset=&#8220;default&#8220; global_colors_info=&#8220;{}&#8220;][et_pb_text _builder_version=&#8220;4.27.4&#8243; _module_preset=&#8220;d5651242-e781-4e1c-b900-5b8fc65a80bf&#8220; text_line_height=&#8220;2em&#8220; header_2_font=&#8220;Rubik|500||on|||||&#8220; header_2_text_color=&#8220;#ff8f00&#8243; header_2_font_size=&#8220;14px&#8220; header_2_letter_spacing=&#8220;1px&#8220; header_2_line_height=&#8220;1.5em&#8220; header_3_font=&#8220;Rubik|500|||||||&#8220; header_3_font_size=&#8220;38px&#8220; header_3_line_height=&#8220;1.4em&#8220; custom_padding=&#8220;||0px|1px||&#8220; hover_enabled=&#8220;0&#8243; header_2_font_size_tablet=&#8220;42px&#8220; header_2_font_size_phone=&#8220;32px&#8220; header_2_font_size_last_edited=&#8220;off|desktop&#8220; header_3_font_size_tablet=&#8220;28px&#8220; header_3_font_size_phone=&#8220;20px&#8220; locked=&#8220;off&#8220; global_colors_info=&#8220;{}&#8220; sticky_enabled=&#8220;0&#8243;]<\/p>\n<p>Unser Portfolio im Bereich \u201e<strong>Marketing &amp; Sales<\/strong>\u201c umfasst:<\/p>\n<ul>\n<li>Vertriebs- und Marketingberatung<\/li>\n<li>Implementierung und Begleitung von Pilotprojekten im Markt<\/li>\n<li>Rekrutierung, Steuerung und F\u00fchrung kompletter Vertriebsteams<\/li>\n<li>Vermarktung kompletter Produktlinien<\/li>\n<li>Training und Coaching von Au\u00dfendienstmitarbeitenden und F\u00fchrungskr\u00e4ften<\/li>\n<li><a href=\"\/de\/services\/education-and-training\/\" target=\"_blank\" rel=\"noopener\">Aus- und Weiterbildung von Pharmareferenten und Pharmaberatern<\/a><\/li>\n<\/ul>\n<p>&nbsp;<\/p>\n<p>Was f\u00fcr eine Zusammenarbeit mit <strong><em>AMS<\/em><\/strong> spricht:<\/p>\n<ul>\n<li>Kompetente, umfassende und individuelle Beratung<\/li>\n<li>Langj\u00e4hrige Marktexpertise<\/li>\n<li>Ma\u00dfgeschneiderte L\u00f6sungen<\/li>\n<li>Kurze Entscheidungswege<\/li>\n<li>Alles aus einer Hand: Von klinischer Forschung bis zur Vermarktung von Pr\u00e4paraten<\/li>\n<li>Volle Budgetkontrolle<\/li>\n<\/ul>\n<p>&nbsp;<\/p>\n<p>[\/et_pb_text][\/et_pb_column][et_pb_column type=&#8220;2_5&#8243; _builder_version=&#8220;4.22.1&#8243; _module_preset=&#8220;default&#8220; global_colors_info=&#8220;{}&#8220;][et_pb_image src=&#8220;\/wp-content\/uploads\/2024\/08\/AMSSales.jpg&#8220; title_text=&#8220;Die Gesundheitsbranche boomt&#8220; _builder_version=&#8220;4.24.0&#8243; _module_preset=&#8220;default&#8220; global_colors_info=&#8220;{}&#8220;][\/et_pb_image][\/et_pb_column][\/et_pb_row][et_pb_row column_structure=&#8220;1_3,2_3&#8243; _builder_version=&#8220;4.27.3&#8243; _module_preset=&#8220;802aa867-79d0-4500-a034-a3001033e9d3&#8243; custom_margin=&#8220;5em||5em||false|false&#8220; custom_padding=&#8220;30px|100px|30px|30px|false|false&#8220; box_shadow_style=&#8220;preset1&#8243; locked=&#8220;off&#8220;][et_pb_column type=&#8220;1_3&#8243; _builder_version=&#8220;4.24.0&#8243; _module_preset=&#8220;default&#8220; global_colors_info=&#8220;{}&#8220;][et_pb_text _builder_version=&#8220;4.27.4&#8243; _module_preset=&#8220;cd2ad163-c93f-44f6-b7d8-dd85780abf76&#8243; background_enable_color=&#8220;off&#8220; background_enable_image=&#8220;off&#8220; global_colors_info=&#8220;{%22gcid-2f3bfbab-4898-449e-a1fb-53132eb3470f%22:%91%22background_color_gradient_stops%22%93,%22gcid-056fad13-7523-4771-a3cd-ea131b928fa9%22:%91%22background_color_gradient_stops%22%93,%22gcid-e953896c-2ebc-4943-bbfd-26fb1c1260bf%22:%91%22background_color_gradient_stops%22%93}&#8220;]<\/p>\n<h3><strong>Kontakt<\/strong><\/h3>\n<p>Haben Sie Fragen?<\/p>\n<p>[\/et_pb_text][\/et_pb_column][et_pb_column type=&#8220;2_3&#8243; _builder_version=&#8220;4.24.0&#8243; _module_preset=&#8220;default&#8220; global_colors_info=&#8220;{}&#8220;][et_pb_text _builder_version=&#8220;4.27.4&#8243; _module_preset=&#8220;cd2ad163-c93f-44f6-b7d8-dd85780abf76&#8243; background_enable_color=&#8220;off&#8220; background_enable_image=&#8220;off&#8220; global_colors_info=&#8220;{%22gcid-2f3bfbab-4898-449e-a1fb-53132eb3470f%22:%91%22background_color_gradient_stops%22%93,%22gcid-056fad13-7523-4771-a3cd-ea131b928fa9%22:%91%22background_color_gradient_stops%22%93,%22gcid-e953896c-2ebc-4943-bbfd-26fb1c1260bf%22:%91%22background_color_gradient_stops%22%93}&#8220;]<\/p>\n<p>Sie erreichen uns per Mail unter:<\/p>\n<p>[\/et_pb_text][et_pb_button button_url=&#8220;mailto:mus@ams-europe.com&#8220; button_text=&#8220;MuS@ams-europe.com&#8220; _builder_version=&#8220;4.27.4&#8243; _module_preset=&#8220;default&#8220; global_colors_info=&#8220;{}&#8220;][\/et_pb_button][et_pb_text _builder_version=&#8220;4.27.4&#8243; _module_preset=&#8220;cd2ad163-c93f-44f6-b7d8-dd85780abf76&#8243; global_colors_info=&#8220;{}&#8220;]<\/p>\n<p><span>Wir sind pers\u00f6nlich f\u00fcr Sie da!<\/span><\/p>\n<p>[\/et_pb_text][et_pb_text _builder_version=&#8220;4.24.0&#8243; _module_preset=&#8220;cd2ad163-c93f-44f6-b7d8-dd85780abf76&#8243; custom_margin=&#8220;10px||10px||false|false&#8220; global_colors_info=&#8220;{}&#8220;]<\/p>\n<p><strong>Wolfgang Kulow &#8211; Phone: +49 (0)173 &#8211; 6795 900<\/strong><br \/>Business Development &amp; Project Manager<\/p>\n<p>[\/et_pb_text][et_pb_text _builder_version=&#8220;4.24.0&#8243; _module_preset=&#8220;cd2ad163-c93f-44f6-b7d8-dd85780abf76&#8243; custom_margin=&#8220;10px||10px||false|false&#8220; global_colors_info=&#8220;{}&#8220;]<\/p>\n<p><strong>Andreas Brandl &#8211; Phone: +49 (0)162 &#8211; 2172519<\/strong><br \/>Business Development &amp; Project Manager<\/p>\n<p>[\/et_pb_text][\/et_pb_column][\/et_pb_row][\/et_pb_section][et_pb_section fb_built=&#8220;1&#8243; admin_label=&#8220;References&#8220; module_id=&#8220;Erfolgsgeschichten&#8220; _builder_version=&#8220;4.24.0&#8243; _module_preset=&#8220;b0033daa-587e-4df5-8923-84a88e7f878e&#8220; background_color_gradient_stops=&#8220;gcid-cac6beee-0829-4b2e-8ce6-b78f64a8a6f9 0%|gcid-1543c0c0-fc66-45fc-859c-18eb6cdbc07b 100%&#8220; custom_padding=&#8220;||0vw||false|false&#8220; da_popup_slug=&#8220;Erfolgsgeschichten&#8220; da_disable_devices=&#8220;off|off|off&#8220; saved_tabs=&#8220;all&#8220; locked=&#8220;off&#8220; global_colors_info=&#8220;{%22gcid-b3d81f63-a079-4cba-9baf-5de18b24c75c%22:%91%22background_color_gradient_stops%22%93,%22gcid-251f80c9-1c09-41b2-b627-a432583ed076%22:%91%22background_color_gradient_stops%22%93,%22gcid-80d13553-8301-4214-b254-781099ffdfd3%22:%91%22background_color_gradient_stops%22%93,%22gcid-1c4dbd18-4ae4-4498-8d72-ca1b158a6fa4%22:%91%22background_color_gradient_stops%22%93,%22gcid-cac6beee-0829-4b2e-8ce6-b78f64a8a6f9%22:%91%22background_color_gradient_stops%22%93,%22gcid-e8cc8422-b2ee-4f8d-8ffd-62678c3e072e%22:%91%22background_color_gradient_stops%22%93,%22gcid-49ae2954-2be5-4dc9-9e28-2cacbe6effc4%22:%91%22background_color_gradient_stops%22%93,%22gcid-1543c0c0-fc66-45fc-859c-18eb6cdbc07b%22:%91%22background_color_gradient_stops%22%93}&#8220; da_is_popup=&#8220;off&#8220; da_exit_intent=&#8220;off&#8220; da_has_close=&#8220;on&#8220; da_alt_close=&#8220;off&#8220; da_dark_close=&#8220;off&#8220; da_not_modal=&#8220;on&#8220; da_is_singular=&#8220;off&#8220; da_with_loader=&#8220;off&#8220; da_has_shadow=&#8220;on&#8220;][et_pb_row _builder_version=&#8220;4.16&#8243; custom_padding=&#8220;40px|||||&#8220; global_colors_info=&#8220;{}&#8220;][et_pb_column type=&#8220;4_4&#8243; _builder_version=&#8220;4.16&#8243; custom_padding=&#8220;|||&#8220; global_colors_info=&#8220;{}&#8220; custom_padding__hover=&#8220;|||&#8220;][et_pb_text _builder_version=&#8220;4.22.1&#8243; _module_preset=&#8220;d5651242-e781-4e1c-b900-5b8fc65a80bf&#8220; text_line_height=&#8220;2em&#8220; text_orientation=&#8220;center&#8220; max_width=&#8220;700px&#8220; module_alignment=&#8220;center&#8220; custom_margin=&#8220;||-14px|||&#8220; custom_padding=&#8220;0px|||1px||&#8220; locked=&#8220;off&#8220; global_colors_info=&#8220;{}&#8220;]<\/p>\n<h4 style=\"text-align: center;\"><\/h4>\n<h3 style=\"text-align: center;\">Referenzen<\/h3>\n<p>[\/et_pb_text][\/et_pb_column][\/et_pb_row][et_pb_row _builder_version=&#8220;4.22.1&#8243; _module_preset=&#8220;default&#8220; max_width=&#8220;1600px&#8220; custom_padding=&#8220;||100px|||&#8220; global_colors_info=&#8220;{}&#8220;][et_pb_column type=&#8220;4_4&#8243; _builder_version=&#8220;4.22.1&#8243; _module_preset=&#8220;default&#8220; global_colors_info=&#8220;{}&#8220;][dipi_testimonial use_hide_rating=&#8220;on&#8220; use_hide_readmore=&#8220;on&#8220; use_hide_company=&#8220;on&#8220; use_hide_company_link=&#8220;on&#8220; use_hide_name=&#8220;on&#8220; review_length=&#8220;80&#8243; review_type=&#8220;on|off|off|off&#8220; use_show_popup_rating=&#8220;off&#8220; space_between=&#8220;5&#8243; container_padding=&#8220;0px|30px|0px|30px|false|false&#8220; loop=&#8220;on&#8220; autoplay=&#8220;on&#8220; autoplay_speed=&#8220;3000&#8243; navigation=&#8220;on&#8220; navigation_on_hover=&#8220;on&#8220; img_width=&#8220;70%&#8220; item_bg_color=&#8220;gcid-1543c0c0-fc66-45fc-859c-18eb6cdbc07b&#8220; _builder_version=&#8220;4.22.1&#8243; _module_preset=&#8220;default&#8220; testimonial_text_font=&#8220;||on||||||&#8220; testimonial_text_font_size=&#8220;12px&#8220; testimonial_text_line_height=&#8220;16px&#8220; background_color=&#8220;RGBA(255,255,255,0)&#8220; border_radii=&#8220;on|15px|15px|15px|15px&#8220; border_color_all=&#8220;#004E75&#8243; locked=&#8220;off&#8220; global_colors_info=&#8220;{%22gcid-1543c0c0-fc66-45fc-859c-18eb6cdbc07b%22:%91%22item_bg_color%22%93}&#8220;][\/dipi_testimonial][\/et_pb_column][\/et_pb_row][\/et_pb_section]<\/p>\n","protected":false},"excerpt":{"rendered":"<p>Marketing &amp; Sales AMS unterst\u00fctzt seit mehr als 25 Jahren erfolgreich Pharma- und Healthcare-Firmen bei der Vermarktung ihrer Pr\u00e4parate einschlie\u00dflich der Rekrutierung von Fach- und F\u00fchrungskr\u00e4ften. Als moderner, serviceorientierter Dienstleister f\u00fcr Unternehmen der Pharmaindustrie und des Gesundheitswesens sind uns Teamwork, Kompetenz und Flexibilit\u00e4t besonders wichtig. Auf dieser Basis helfen wir unseren Kunden, deren Unternehmenserfolg zu [&hellip;]<\/p>\n","protected":false},"author":1,"featured_media":0,"parent":1737,"menu_order":0,"comment_status":"closed","ping_status":"closed","template":"","meta":{"_et_pb_use_builder":"on","_et_pb_old_content":"","_et_gb_content_width":"","slim_seo":{"title":"Marketing &amp; Sales - AMS Advanced Medical Services GmbH","description":"Marketing &amp; Sales AMS unterst\u00fctzt seit mehr als 25 Jahren erfolgreich Pharma- und Healthcare-Firmen bei der Vermarktung ihrer Pr\u00e4parate einschlie\u00dflich der R"},"footnotes":""},"dipi_cpt_category":[],"class_list":["post-7080","page","type-page","status-publish","hentry"],"_links":{"self":[{"href":"https:\/\/www.ams-europe.com\/de\/wp-json\/wp\/v2\/pages\/7080","targetHints":{"allow":["GET"]}}],"collection":[{"href":"https:\/\/www.ams-europe.com\/de\/wp-json\/wp\/v2\/pages"}],"about":[{"href":"https:\/\/www.ams-europe.com\/de\/wp-json\/wp\/v2\/types\/page"}],"author":[{"embeddable":true,"href":"https:\/\/www.ams-europe.com\/de\/wp-json\/wp\/v2\/users\/1"}],"replies":[{"embeddable":true,"href":"https:\/\/www.ams-europe.com\/de\/wp-json\/wp\/v2\/comments?post=7080"}],"version-history":[{"count":38,"href":"https:\/\/www.ams-europe.com\/de\/wp-json\/wp\/v2\/pages\/7080\/revisions"}],"predecessor-version":[{"id":10112,"href":"https:\/\/www.ams-europe.com\/de\/wp-json\/wp\/v2\/pages\/7080\/revisions\/10112"}],"up":[{"embeddable":true,"href":"https:\/\/www.ams-europe.com\/de\/wp-json\/wp\/v2\/pages\/1737"}],"wp:attachment":[{"href":"https:\/\/www.ams-europe.com\/de\/wp-json\/wp\/v2\/media?parent=7080"}],"wp:term":[{"taxonomy":"dipi_cpt_category","embeddable":true,"href":"https:\/\/www.ams-europe.com\/de\/wp-json\/wp\/v2\/dipi_cpt_category?post=7080"}],"curies":[{"name":"wp","href":"https:\/\/api.w.org\/{rel}","templated":true}]}}